{"id":429,"date":"2022-09-07T13:24:22","date_gmt":"2022-09-07T11:24:22","guid":{"rendered":"http:\/\/novy.vlkproject.cz\/?page_id=429"},"modified":"2022-09-07T14:48:23","modified_gmt":"2022-09-07T12:48:23","slug":"igland-42","status":"publish","type":"page","link":"http:\/\/novy.vlkproject.cz\/?page_id=429","title":{"rendered":"IGLAND 42"},"content":{"rendered":"<p>S touto \u0159adou model\u016f z\u00edsk\u00e1te pevn\u00e9 a spolehliv\u00e9 navij\u00e1ky, kter\u00e9 se snadno udr\u017euj\u00ed a jsou vhodn\u00e9 pro v\u011bt\u0161inu zem\u011bd\u011blsk\u00fdch traktor\u016f od 15 do 80 kon\u00ed. Navij\u00e1ky maj\u00ed jednoduchou konstrukci a snadno se pou\u017e\u00edvaj\u00ed. Kapacita bubnu umo\u017e\u0148uje r\u016fzn\u00e9 velikosti ocelov\u00e9ho lana. Navij\u00e1ky se ovl\u00e1daj\u00ed lankem ze sedadla traktoru, nebo v bezpe\u010dn\u00e9 vzd\u00e1lenosti do strany. D\u00e1lkov\u00e9 r\u00e1diov\u00e9 ovl\u00e1d\u00e1n\u00ed je voliteln\u00e9.&nbsp;<\/p>\n<p>Tato \u0159ada m\u00e1 norm\u00e1ln\u00ed z\u00e1padkovou brzdu a nav\u00edc brzdu proti zp\u011btn\u00e9mu chodu. V\u0161echny navij\u00e1ky maj\u00ed 3-bodov\u00fd z\u00e1v\u011bs. Se spr\u00e1vn\u00fdm p\u0159\u00edslu\u0161enstv\u00edm je tento navij\u00e1k velmi dobrou volbou.<\/p>\n<p>ngg_shortcode_0_placeholderTechnick\u00e9 parametry:<\/p>\n<table style=\"border-collapse: collapse; width: 35.6032%;\">\n<tbody>\n<tr>\n<td style=\"width: 20.8743%;\">Maxim\u00e1ln\u00ed ta\u017en\u00e1 s\u00edla na pr\u00e1zdn\u00e9m bubnu<\/td>\n<td style=\"width: 19.3317%;\">42 kN (4,2t)<\/td>\n<\/tr>\n<tr>\n<td style=\"width: 20.8743%;\">Maxim\u00e1ln\u00ed ta\u017en\u00e1 s\u00edla na pln\u00e9m bubnu<\/td>\n<td style=\"width: 19.3317%;\">15 kN<\/td>\n<\/tr>\n<tr>\n<td style=\"width: 20.8743%;\">Po\u010det bubn\u016f<\/td>\n<td style=\"width: 19.3317%;\">1<\/td>\n<\/tr>\n<tr>\n<td style=\"width: 20.8743%;\">Teoretick\u00e1 kapacita lana na bubnu<\/td>\n<td style=\"width: 19.3317%;\">77 m \/ 10 mm<\/td>\n<\/tr>\n<tr>\n<td style=\"width: 20.8743%;\">Doporu\u010den\u00e9 lano<\/td>\n<td style=\"width: 19.3317%;\">50 m \/ 10 mm<\/td>\n<\/tr>\n<tr>\n<td style=\"width: 20.8743%;\">Rychlost nav\u00edjen\u00ed p\u0159i 540 ot\/min<\/td>\n<td style=\"width: 19.3317%;\">0,67 &#8211; 1,71 m\/s<\/td>\n<\/tr>\n<tr>\n<td style=\"width: 20.8743%;\">P\u0159evodov\u00fd pom\u011br<\/td>\n<td style=\"width: 19.3317%;\">1 : 5,18<\/td>\n<\/tr>\n<tr>\n<td style=\"width: 20.8743%;\">Po\u017eadovan\u00fd v\u00fdkon<\/td>\n<td style=\"width: 19.3317%;\">28 kW (ISO 6687)<\/td>\n<\/tr>\n<tr>\n<td style=\"width: 20.8743%;\">Ovl\u00e1d\u00e1n\u00ed<\/td>\n<td style=\"width: 19.3317%;\">manu\u00e1ln\u00ed &#8211; lankem<\/td>\n<\/tr>\n<tr>\n<td style=\"width: 20.8743%;\">Spojka<\/td>\n<td style=\"width: 19.3317%;\">v\u00fdm\u011bnn\u00e9 lamely<\/td>\n<\/tr>\n<tr>\n<td style=\"width: 20.8743%;\">Brzda<\/td>\n<td style=\"width: 19.3317%;\">z\u00e1padkov\u00fd syst\u00e9m<\/td>\n<\/tr>\n<tr>\n<td style=\"width: 20.8743%;\">Uchycen\u00ed<\/td>\n<td style=\"width: 19.3317%;\">3-bodov\u00e9<\/td>\n<\/tr>\n<tr>\n<td style=\"width: 20.8743%;\">V\u00fd\u0161ka kardanu od zem\u011b<\/td>\n<td style=\"width: 19.3317%;\">52 cm<\/td>\n<\/tr>\n<tr>\n<td style=\"width: 20.8743%;\">V\u00fd\u0161ka \/ \u0161\u00ed\u0159ka \/ hloubka<\/td>\n<td style=\"width: 19.3317%;\">131 \/ 144 \/ 46 cm<\/td>\n<\/tr>\n<tr>\n<td style=\"width: 20.8743%;\">Hmotnost bez lana<\/td>\n<td style=\"width: 19.3317%;\">226 kg<\/td>\n<\/tr>\n<\/tbody>\n<\/table>\n<p>Doporu\u010den\u00e9 p\u0159\u00edslu\u0161enstv\u00ed<\/p>\n<ul>\n<li>R\u00e1diov\u00e9 d\u00e1lkov\u00e9 ovl\u00e1d\u00e1n\u00ed<\/li>\n<li>Ovl\u00e1d\u00e1n\u00ed ot\u00e1\u010dek traktoru<\/li>\n<li>Horn\u00ed nav\u00edjec\u00ed kladka<\/li>\n<li>Horn\u00ed ochrann\u00e1 m\u0159\u00ed\u017e<\/li>\n<li>Lano ocelov\u00e9 s koncovkou 50m \/ 10 mm<\/li>\n<li>hmotnost jen 226 kg<\/li>\n<\/ul>\n<p>&nbsp;<\/p>\n","protected":false},"excerpt":{"rendered":"<p>S touto \u0159adou model\u016f z\u00edsk\u00e1te pevn\u00e9 a spolehliv\u00e9 navij\u00e1ky, kter\u00e9 se snadno udr\u017euj\u00ed a jsou vhodn\u00e9 pro v\u011bt\u0161inu zem\u011bd\u011blsk\u00fdch traktor\u016f od 15 do 80 kon\u00ed. Navij\u00e1ky maj\u00ed jednoduchou konstrukci a snadno se pou\u017e\u00edvaj\u00ed. Kapacita bubnu umo\u017e\u0148uje r\u016fzn\u00e9 velikosti ocelov\u00e9ho lana. [&hellip;]<\/p>\n","protected":false},"author":2,"featured_media":0,"parent":423,"menu_order":5,"comment_status":"closed","ping_status":"closed","template":"","meta":{"ngg_post_thumbnail":0,"footnotes":""},"class_list":["post-429","page","type-page","status-publish","hentry"],"_links":{"self":[{"href":"http:\/\/novy.vlkproject.cz\/index.php?rest_route=\/wp\/v2\/pages\/429","targetHints":{"allow":["GET"]}}],"collection":[{"href":"http:\/\/novy.vlkproject.cz\/index.php?rest_route=\/wp\/v2\/pages"}],"about":[{"href":"http:\/\/novy.vlkproject.cz\/index.php?rest_route=\/wp\/v2\/types\/page"}],"author":[{"embeddable":true,"href":"http:\/\/novy.vlkproject.cz\/index.php?rest_route=\/wp\/v2\/users\/2"}],"replies":[{"embeddable":true,"href":"http:\/\/novy.vlkproject.cz\/index.php?rest_route=%2Fwp%2Fv2%2Fcomments&post=429"}],"version-history":[{"count":9,"href":"http:\/\/novy.vlkproject.cz\/index.php?rest_route=\/wp\/v2\/pages\/429\/revisions"}],"predecessor-version":[{"id":538,"href":"http:\/\/novy.vlkproject.cz\/index.php?rest_route=\/wp\/v2\/pages\/429\/revisions\/538"}],"up":[{"embeddable":true,"href":"http:\/\/novy.vlkproject.cz\/index.php?rest_route=\/wp\/v2\/pages\/423"}],"wp:attachment":[{"href":"http:\/\/novy.vlkproject.cz\/index.php?rest_route=%2Fwp%2Fv2%2Fmedia&parent=429"}],"curies":[{"name":"wp","href":"https:\/\/api.w.org\/{rel}","templated":true}]}}