{"id":199,"date":"2020-05-15T12:27:39","date_gmt":"2020-05-15T10:27:39","guid":{"rendered":"http:\/\/novy.vlkproject.cz\/?page_id=199"},"modified":"2024-03-12T13:27:08","modified_gmt":"2024-03-12T12:27:08","slug":"shrnovac-klestu","status":"publish","type":"page","link":"https:\/\/novy.vlkproject.cz\/?page_id=199","title":{"rendered":"Shrnova\u010d klestu"},"content":{"rendered":"<p>Shrnova\u010d klestu (typ SV 6-087) na UKT (univerz\u00e1ln\u00ed kolov\u00fd traktor) nebo na LKT 81 T je p\u0159\u00eddavn\u00fd adapt\u00e9r, kter\u00fd se zam\u011b\u0148uje za p\u016fvodn\u00ed radlici \u010deln\u00edho rampova\u010de UKT nebo LKT nebo jako adapt\u00e9r na \u010deln\u00ed naklada\u010d pomoc\u00ed standardn\u00edho z\u00e1v\u011bsu. Pou\u017e\u00edv\u00e1 se ke shrnov\u00e1n\u00ed jehli\u010dnat\u00e9ho a listnat\u00e9ho klestu, v\u010detn\u011b pase\u010dn\u00e9ho odpadu na pracovi\u0161t\u00edch, sj\u00edzdn\u00fdch pro LKT nebo UKT. Shrnova\u010d klestu se skl\u00e1d\u00e1 z:<\/p>\n<ul>\n<li>r\u00e1m shrnova\u010de<\/li>\n<li>shrnovac\u00ed prsty<\/li>\n<li>samostatn\u00fd hydraulick\u00fd okruh<\/li>\n<\/ul>\n<p>Z\u00e1kladn\u00ed technick\u00e9 parametry:<\/p>\n<table style=\"border-collapse: collapse; width: 58.1907%;\">\n<tbody>\n<tr>\n<td style=\"width: 12.5333%;\" rowspan=\"3\">Rozm\u011bry<\/td>\n<td style=\"width: 29.0135%;\">celkov\u00e1 d\u00e9lka stroje v p\u0159epravn\u00ed poloze (Shrnova\u010d klestu + LKT)<\/td>\n<td style=\"width: 11.1558%;\">5 940 mm<\/td>\n<\/tr>\n<tr>\n<td style=\"width: 29.0135%;\">celkov\u00e1 \u0161\u00ed\u0159ka SHK<\/td>\n<td style=\"width: 11.1558%;\">2 200 mm<\/td>\n<\/tr>\n<tr>\n<td style=\"width: 29.0135%;\">\u0161\u00ed\u0159ka z\u00e1b\u011bru SHK<\/td>\n<td style=\"width: 11.1558%;\">2 010 mm<\/td>\n<\/tr>\n<tr>\n<td style=\"width: 12.5333%;\">Hmotnost<\/td>\n<td style=\"width: 29.0135%;\">SHK<\/td>\n<td style=\"width: 11.1558%;\">650 &#8211; 790 kg<\/td>\n<\/tr>\n<tr>\n<td style=\"width: 41.5468%;\" colspan=\"2\">Po\u010det shrnovac\u00edch prst\u016f<\/td>\n<td style=\"width: 11.1558%;\">5<\/td>\n<\/tr>\n<tr>\n<td style=\"width: 41.5468%;\" colspan=\"2\">Maxim\u00e1ln\u00ed zdvih prstu<\/td>\n<td style=\"width: 11.1558%;\">560 mm<\/td>\n<\/tr>\n<tr>\n<td style=\"width: 41.5468%;\" colspan=\"2\">Rozchod kol u LKT<\/td>\n<td style=\"width: 11.1558%;\">2 020 mm<\/td>\n<\/tr>\n<tr>\n<td style=\"width: 41.5468%;\" colspan=\"2\">Ovl\u00e1d\u00e1n\u00ed prst\u016f<\/td>\n<td style=\"width: 11.1558%;\">hydraulick\u00e9<\/td>\n<\/tr>\n<\/tbody>\n<\/table>\n<p>&nbsp;<\/p>\n","protected":false},"excerpt":{"rendered":"<p>Shrnova\u010d klestu (typ SV 6-087) na UKT (univerz\u00e1ln\u00ed kolov\u00fd traktor) nebo na LKT 81 T je p\u0159\u00eddavn\u00fd adapt\u00e9r, kter\u00fd se zam\u011b\u0148uje za p\u016fvodn\u00ed radlici \u010deln\u00edho rampova\u010de UKT nebo LKT nebo jako adapt\u00e9r na \u010deln\u00ed naklada\u010d pomoc\u00ed standardn\u00edho z\u00e1v\u011bsu. Pou\u017e\u00edv\u00e1 se [&hellip;]<\/p>\n","protected":false},"author":2,"featured_media":0,"parent":34,"menu_order":0,"comment_status":"closed","ping_status":"closed","template":"","meta":{"ngg_post_thumbnail":0,"footnotes":""},"class_list":["post-199","page","type-page","status-publish","hentry"],"_links":{"self":[{"href":"https:\/\/novy.vlkproject.cz\/index.php?rest_route=\/wp\/v2\/pages\/199","targetHints":{"allow":["GET"]}}],"collection":[{"href":"https:\/\/novy.vlkproject.cz\/index.php?rest_route=\/wp\/v2\/pages"}],"about":[{"href":"https:\/\/novy.vlkproject.cz\/index.php?rest_route=\/wp\/v2\/types\/page"}],"author":[{"embeddable":true,"href":"https:\/\/novy.vlkproject.cz\/index.php?rest_route=\/wp\/v2\/users\/2"}],"replies":[{"embeddable":true,"href":"https:\/\/novy.vlkproject.cz\/index.php?rest_route=%2Fwp%2Fv2%2Fcomments&post=199"}],"version-history":[{"count":4,"href":"https:\/\/novy.vlkproject.cz\/index.php?rest_route=\/wp\/v2\/pages\/199\/revisions"}],"predecessor-version":[{"id":558,"href":"https:\/\/novy.vlkproject.cz\/index.php?rest_route=\/wp\/v2\/pages\/199\/revisions\/558"}],"up":[{"embeddable":true,"href":"https:\/\/novy.vlkproject.cz\/index.php?rest_route=\/wp\/v2\/pages\/34"}],"wp:attachment":[{"href":"https:\/\/novy.vlkproject.cz\/index.php?rest_route=%2Fwp%2Fv2%2Fmedia&parent=199"}],"curies":[{"name":"wp","href":"https:\/\/api.w.org\/{rel}","templated":true}]}}