{"id":2,"date":"2019-10-29T13:46:14","date_gmt":"2019-10-29T12:46:14","guid":{"rendered":"http:\/\/novy.vlkproject.cz\/?page_id=2"},"modified":"2024-03-12T12:13:56","modified_gmt":"2024-03-12T11:13:56","slug":"uvod","status":"publish","type":"page","link":"https:\/\/novy.vlkproject.cz\/","title":{"rendered":"V\u00edtejte"},"content":{"rendered":"\r\nngg_shortcode_0_placeholder\r\n<p>V\u00edtejte na na\u0161em webu!<\/p>\r\n<p>Jsme firma zam\u011b\u0159uj\u00edc\u00ed se na prodej lesn\u00edch stroj\u016f a n\u00e1hradn\u00edch d\u00edl\u016f t\u011bchto stroj\u016f. S mnohaletou zku\u0161enost\u00ed v oboru si zakl\u00e1d\u00e1me na individu\u00e1ln\u00edm p\u0159\u00edstupu k na\u0161im z\u00e1kazn\u00edk\u016fm.&nbsp;<\/p>\r\n<p>Na\u0161e filozofie je jednoduch\u00e1: poskytnout v\u00e1m nejen produkty, ale i odbornou pomoc a servis, kter\u00fd pot\u0159ebujete. Jsme tu, abychom v\u00e1m pomohli naj\u00edt nejlep\u0161\u00ed \u0159e\u0161en\u00ed pro va\u0161e pot\u0159eby s ohledem na technick\u00e9 mo\u017enosti stroj\u016f a jejich p\u0159\u00edslu\u0161enstv\u00ed.<\/p>\r\n<p>Vedle nov\u00fdch stroj\u016f tak\u00e9 nab\u00edz\u00edme n\u00e1hradn\u00ed d\u00edly a servis na stroje, kter\u00e9 se sice dnes ji\u017e nevyr\u00e1b\u00ed, ale i p\u0159es to se st\u00e1le pou\u017e\u00edvaj\u00ed a t\u011b\u0161\u00ed se ur\u010dit\u00e9 oblib\u011b. Jde zejm\u00e9na o stroje vyr\u00e1b\u011bn\u00e9 ji\u017e zanikl\u00fdmi firmami SL PTR Olomouc a PTR, a.s.<\/p>\r\n<p>D\u011bkujeme v\u00e1m za z\u00e1jem o na\u0161e slu\u017eby. Pros\u00edm, prozkoumejte na\u0161i nab\u00eddku a nev\u00e1hejte n\u00e1s kontaktovat s jak\u00fdmkoli dotazem \u010di po\u017eadavkem. Jsme tu pro v\u00e1s!<\/p>\r\n<p>Pokud V\u00e1s tak\u00e9 zaj\u00edm\u00e1 n\u011bco, co jste na str\u00e1nk\u00e1ch nena\u0161li, nev\u00e1hejte n\u00e1s kontaktovat.<\/p>\r\n","protected":false},"excerpt":{"rendered":"<p>V\u00edtejte na na\u0161em webu! Jsme firma zam\u011b\u0159uj\u00edc\u00ed se na prodej lesn\u00edch stroj\u016f a n\u00e1hradn\u00edch d\u00edl\u016f t\u011bchto stroj\u016f. S mnohaletou zku\u0161enost\u00ed v oboru si zakl\u00e1d\u00e1me na individu\u00e1ln\u00edm p\u0159\u00edstupu k na\u0161im z\u00e1kazn\u00edk\u016fm.&nbsp; Na\u0161e filozofie je jednoduch\u00e1: poskytnout v\u00e1m nejen produkty, ale i [&hellip;]<\/p>\n","protected":false},"author":2,"featured_media":0,"parent":0,"menu_order":0,"comment_status":"closed","ping_status":"closed","template":"","meta":{"ngg_post_thumbnail":0,"footnotes":""},"class_list":["post-2","page","type-page","status-publish","hentry"],"_links":{"self":[{"href":"https:\/\/novy.vlkproject.cz\/index.php?rest_route=\/wp\/v2\/pages\/2","targetHints":{"allow":["GET"]}}],"collection":[{"href":"https:\/\/novy.vlkproject.cz\/index.php?rest_route=\/wp\/v2\/pages"}],"about":[{"href":"https:\/\/novy.vlkproject.cz\/index.php?rest_route=\/wp\/v2\/types\/page"}],"author":[{"embeddable":true,"href":"https:\/\/novy.vlkproject.cz\/index.php?rest_route=\/wp\/v2\/users\/2"}],"replies":[{"embeddable":true,"href":"https:\/\/novy.vlkproject.cz\/index.php?rest_route=%2Fwp%2Fv2%2Fcomments&post=2"}],"version-history":[{"count":8,"href":"https:\/\/novy.vlkproject.cz\/index.php?rest_route=\/wp\/v2\/pages\/2\/revisions"}],"predecessor-version":[{"id":550,"href":"https:\/\/novy.vlkproject.cz\/index.php?rest_route=\/wp\/v2\/pages\/2\/revisions\/550"}],"wp:attachment":[{"href":"https:\/\/novy.vlkproject.cz\/index.php?rest_route=%2Fwp%2Fv2%2Fmedia&parent=2"}],"curies":[{"name":"wp","href":"https:\/\/api.w.org\/{rel}","templated":true}]}}