{"id":204,"date":"2020-05-15T12:50:30","date_gmt":"2020-05-15T10:50:30","guid":{"rendered":"http:\/\/novy.vlkproject.cz\/?page_id=204"},"modified":"2020-05-15T15:12:57","modified_gmt":"2020-05-15T13:12:57","slug":"povysaz","status":"publish","type":"page","link":"https:\/\/novy.vlkproject.cz\/?page_id=204","title":{"rendered":"POVYSAZ"},"content":{"rendered":"<p style=\"text-align: left;\"><img loading=\"lazy\" decoding=\"async\" class=\"alignright wp-image-82 size-full\" src=\"http:\/\/novy.vlkproject.cz\/wp-content\/uploads\/2020\/05\/naradi.gif\" alt=\"Na tento stroj vyr\u00e1b\u00edme nebo dod\u00e1v\u00e1me n\u00e1hradn\u00ed d\u00edly\" width=\"34\" height=\"34\"><img loading=\"lazy\" decoding=\"async\" class=\"alignright wp-image-81 size-full\" src=\"http:\/\/novy.vlkproject.cz\/wp-content\/uploads\/2020\/05\/balik.gif\" alt=\"Tento stroj je mo\u017en\u00e9 po\u0159\u00eddit jako nov\u00fd\" width=\"34\" height=\"34\"><\/p>\n<p style=\"text-align: left;\">POVYSAZ &#8211; pod\u0159ez\u00e1vac\u00ed vyor\u00e1va\u010d sazenic (typ PVS-2) je stroj ur\u010den\u00fd k pod\u0159ez\u00e1v\u00e1n\u00ed a vyzved\u00e1v\u00e1n\u00ed sazenic ve \u0161kolk\u00e1ch, kter\u00e9 rostou ve vyzna\u010den\u00fdch z\u00e1honech o stejn\u00fdch \u0161\u00ed\u0159k\u00e1ch po cel\u00e9 d\u00e9lce z\u00e1honu.<\/p>\n<p>Stroj je \u0159e\u0161en\u00fd jako nesen\u00fd pro zadn\u00ed 3-bodov\u00fd z\u00e1v\u011bs univerz\u00e1ln\u00edho kolov\u00e9ho traktoru, pracovn\u00ed z\u00e1b\u011br se vyr\u00e1b\u00ed podle typu z\u00e1honu od 3 do 7 \u0159\u00e1dk\u016f. Hloubka pod\u0159ez\u00e1v\u00e1n\u00ed je staviteln\u00e1 pomocn\u00ed op\u011brn\u00fdch kol a\u017e do 30 cm. Pracovn\u00ed rychlost stroje p\u0159ibli\u017en\u011b 1 <sup>km<\/sup>\/<sub>h<\/sub>, pohon vyt\u0159\u00e1sadel je proveden p\u0159es v\u00fdvodovou h\u0159\u00eddel traktoru.<\/p>\n<table style=\"border-collapse: collapse; width: 100%; height: 189px;\">\n<tbody>\n<tr style=\"height: 21px;\">\n<td style=\"width: 11.8476%; height: 63px;\" rowspan=\"3\">Rozm\u011bry<\/td>\n<td style=\"width: 55.3904%; height: 21px;\">d\u00e9lka<\/td>\n<td style=\"width: 32.7619%; height: 21px;\">1 600 mm<\/td>\n<\/tr>\n<tr style=\"height: 21px;\">\n<td style=\"width: 55.3904%; height: 21px;\">\u0161\u00ed\u0159ka<\/td>\n<td style=\"width: 32.7619%; height: 21px;\">2 000 &#8211; 2 500 mm<\/td>\n<\/tr>\n<tr style=\"height: 21px;\">\n<td style=\"width: 55.3904%; height: 21px;\">v\u00fd\u0161ka<\/td>\n<td style=\"width: 32.7619%; height: 21px;\">1 350 mm<\/td>\n<\/tr>\n<tr style=\"height: 21px;\">\n<td style=\"width: 67.238%; height: 21px;\" colspan=\"2\">Hmotnost<\/td>\n<td style=\"width: 32.7619%; height: 21px;\">485 kg<\/td>\n<\/tr>\n<tr style=\"height: 21px;\">\n<td style=\"width: 67.238%; height: 21px;\" colspan=\"2\">Max. pracovn\u00ed hloubka pod\u0159ez\u00e1vac\u00edho no\u017ee<\/td>\n<td style=\"width: 32.7619%; height: 21px;\">300 mm<\/td>\n<\/tr>\n<tr style=\"height: 21px;\">\n<td style=\"width: 67.238%; height: 21px;\" colspan=\"2\">Max. p\u0159epravn\u00ed rychlost traktoru se strojem<\/td>\n<td style=\"width: 32.7619%; height: 21px;\">40 <sup>km<\/sup>\/<sub>h<\/sub><\/td>\n<\/tr>\n<tr style=\"height: 21px;\">\n<td style=\"width: 67.238%; height: 21px;\" colspan=\"2\">Rychlost traktoru p\u0159i pr\u00e1ci se strojem<\/td>\n<td style=\"width: 32.7619%; height: 21px;\">0,4 &#8211; 2 <sup>km<\/sup>\/<sub>h<\/sub><\/td>\n<\/tr>\n<tr style=\"height: 21px;\">\n<td style=\"width: 67.238%; height: 21px;\" colspan=\"2\">Svahov\u00e1 dostupnost pro UKT se strojem<\/td>\n<td style=\"width: 32.7619%; height: 21px;\">10 %<\/td>\n<\/tr>\n<tr style=\"height: 21px;\">\n<td style=\"width: 67.238%; height: 21px;\" colspan=\"2\">Pracovn\u00ed ot\u00e1\u010dky v\u00fdvodov\u00e9ho h\u0159\u00eddele p\u0159i pr\u00e1ci max<\/td>\n<td style=\"width: 32.7619%; height: 21px;\">250 <sup>ot<\/sup>\/<sub>min<\/sub><\/td>\n<\/tr>\n<\/tbody>\n<\/table>\n<p>&nbsp;<\/p>\n","protected":false},"excerpt":{"rendered":"<p>POVYSAZ &#8211; pod\u0159ez\u00e1vac\u00ed vyor\u00e1va\u010d sazenic (typ PVS-2) je stroj ur\u010den\u00fd k pod\u0159ez\u00e1v\u00e1n\u00ed a vyzved\u00e1v\u00e1n\u00ed sazenic ve \u0161kolk\u00e1ch, kter\u00e9 rostou ve vyzna\u010den\u00fdch z\u00e1honech o stejn\u00fdch \u0161\u00ed\u0159k\u00e1ch po cel\u00e9 d\u00e9lce z\u00e1honu. Stroj je \u0159e\u0161en\u00fd jako nesen\u00fd pro zadn\u00ed 3-bodov\u00fd z\u00e1v\u011bs univerz\u00e1ln\u00edho kolov\u00e9ho [&hellip;]<\/p>\n","protected":false},"author":2,"featured_media":0,"parent":34,"menu_order":0,"comment_status":"closed","ping_status":"closed","template":"","meta":{"ngg_post_thumbnail":0,"footnotes":""},"class_list":["post-204","page","type-page","status-publish","hentry"],"_links":{"self":[{"href":"https:\/\/novy.vlkproject.cz\/index.php?rest_route=\/wp\/v2\/pages\/204","targetHints":{"allow":["GET"]}}],"collection":[{"href":"https:\/\/novy.vlkproject.cz\/index.php?rest_route=\/wp\/v2\/pages"}],"about":[{"href":"https:\/\/novy.vlkproject.cz\/index.php?rest_route=\/wp\/v2\/types\/page"}],"author":[{"embeddable":true,"href":"https:\/\/novy.vlkproject.cz\/index.php?rest_route=\/wp\/v2\/users\/2"}],"replies":[{"embeddable":true,"href":"https:\/\/novy.vlkproject.cz\/index.php?rest_route=%2Fwp%2Fv2%2Fcomments&post=204"}],"version-history":[{"count":6,"href":"https:\/\/novy.vlkproject.cz\/index.php?rest_route=\/wp\/v2\/pages\/204\/revisions"}],"predecessor-version":[{"id":219,"href":"https:\/\/novy.vlkproject.cz\/index.php?rest_route=\/wp\/v2\/pages\/204\/revisions\/219"}],"up":[{"embeddable":true,"href":"https:\/\/novy.vlkproject.cz\/index.php?rest_route=\/wp\/v2\/pages\/34"}],"wp:attachment":[{"href":"https:\/\/novy.vlkproject.cz\/index.php?rest_route=%2Fwp%2Fv2%2Fmedia&parent=204"}],"curies":[{"name":"wp","href":"https:\/\/api.w.org\/{rel}","templated":true}]}}