{"id":251,"date":"2020-05-18T21:27:01","date_gmt":"2020-05-18T19:27:01","guid":{"rendered":"http:\/\/novy.vlkproject.cz\/?page_id=251"},"modified":"2024-03-12T13:20:48","modified_gmt":"2024-03-12T12:20:48","slug":"ryhovy-zalesnovaci-stroj","status":"publish","type":"page","link":"https:\/\/novy.vlkproject.cz\/?page_id=251","title":{"rendered":"R\u00fdhov\u00fd zales\u0148ovac\u00ed stroj"},"content":{"rendered":"<p>R\u00fdhov\u00fd zales\u0148ovac\u00ed stroj (typ RL 2-019, d\u0159\u00edve RL 2-011) je ur\u010den pro mechanizovanou v\u00fdsadbu prostoko\u0159en\u00fdch a obalovan\u00fdch sazenic lesn\u00edch d\u0159evin. S\u00e1zet lze na porostn\u00edch ploch\u00e1ch p\u0159ipraven\u00fdch i nep\u0159ipraven\u00fdch, s v\u00fd\u0161kou pa\u0159ez\u016f do v\u00fd\u0161ky pr\u016fchodnosti traktoru. Lokality mus\u00ed b\u00fdt p\u0159\u00edstupn\u00e9 pro univerz\u00e1ln\u00ed kolov\u00e9 traktory s hnanou p\u0159edn\u00ed n\u00e1pravou.<\/p>\n<p>Po dovybaven\u00ed lze r\u00fdhov\u00fd s\u00e1zec\u00ed stroj pou\u017e\u00edt i na SLKT 81.<\/p>\n<p>Univerz\u00e1ln\u00ed kolov\u00e9 traktory jsou pro pr\u00e1ci se strojem na porostn\u00edch ploch\u00e1ch &#8211; vybaveny ochrannou vanou, kter\u00e1 kryje spodek traktoru. Traktory maj\u00ed roz\u0161\u00ed\u0159en\u00fd rozchod z\u00e1kladn\u00edch kol. Mont\u00e1\u017e r\u00fdhov\u00e9ho s\u00e1zec\u00edho stroje RL 2-019 na UKT je provedena bu\u010f na et\u00e1\u017eov\u00fd z\u00e1v\u011bs traktoru nebo pomoc\u00ed 3-bodov\u00e9ho z\u00e1v\u011bsu, u SLKT na mezikus, kter\u00fd v tomto p\u0159\u00edpad\u011b nahrazuje chyb\u011bj\u00edc\u00ed et\u00e1\u017eov\u00fd z\u00e1v\u011bs.<\/p>\n<p>Technick\u00e9 parametry:<\/p>\n<p>Rozm\u011bry d\u00e9lka 2 250 mm<br \/>\n\u0161\u00ed\u0159ka 2 010 mm<br \/>\nv\u00fd\u0161ka 1 800 mm<br \/>\nHmotnost 820 kg<br \/>\nV\u00fd\u0161ka zdvihu s\u00e1zec\u00ed botky 650 mm<br \/>\nMax. pracovn\u00ed hloubka s\u00e1zec\u00ed botky 350 mm<br \/>\nMax. p\u0159epravn\u00ed rychlost traktoru s RL 2-019 20 km\/h<br \/>\nPracovn\u00ed rychlost traktoru p\u0159i s\u00e1zen\u00ed 0,4-1 km\/h<br \/>\nObsluha \u0159idi\u010d+2<\/p>\n<p>Orienta\u010dn\u00ed sm\u011bnov\u00fd v\u00fdkon na lesn\u00ed p\u016fd\u011b s pa\u0159ezy do 350 mm v\u00fd\u0161ky:<br \/>\nv mont\u00e1\u017ei na UKT 2 500-3 500 ks<br \/>\nv mont\u00e1\u017ei na SLKT 2 000-2 500 ks<br \/>\nOrienta\u010dn\u00ed sm\u011bnov\u00fd v\u00fdkon na lesn\u00ed p\u016fd\u011b bez pa\u0159ez\u016f<br \/>\nv mont\u00e1\u017ei na UKT 8 000 ks<br \/>\nv mont\u00e1\u017ei na SLKT 3 000 ks<\/p>\n<p>Celkov\u00e1 hmotnost:<br \/>\nZ 6945 + RL 2-019 + ochr. vana + obsluha 4 320 kg<br \/>\nSLKT 81 + RL 2-019 7 670 kg<br \/>\nSvahov\u00e1 dostupnost pro UKT i SLKT s RL 2-019 10\u00b0<\/p>\n","protected":false},"excerpt":{"rendered":"<p>R\u00fdhov\u00fd zales\u0148ovac\u00ed stroj (typ RL 2-019, d\u0159\u00edve RL 2-011) je ur\u010den pro mechanizovanou v\u00fdsadbu prostoko\u0159en\u00fdch a obalovan\u00fdch sazenic lesn\u00edch d\u0159evin. S\u00e1zet lze na porostn\u00edch ploch\u00e1ch p\u0159ipraven\u00fdch i nep\u0159ipraven\u00fdch, s v\u00fd\u0161kou pa\u0159ez\u016f do v\u00fd\u0161ky pr\u016fchodnosti traktoru. Lokality mus\u00ed b\u00fdt p\u0159\u00edstupn\u00e9 pro [&hellip;]<\/p>\n","protected":false},"author":2,"featured_media":0,"parent":34,"menu_order":0,"comment_status":"closed","ping_status":"closed","template":"","meta":{"ngg_post_thumbnail":0,"footnotes":""},"class_list":["post-251","page","type-page","status-publish","hentry"],"_links":{"self":[{"href":"https:\/\/novy.vlkproject.cz\/index.php?rest_route=\/wp\/v2\/pages\/251","targetHints":{"allow":["GET"]}}],"collection":[{"href":"https:\/\/novy.vlkproject.cz\/index.php?rest_route=\/wp\/v2\/pages"}],"about":[{"href":"https:\/\/novy.vlkproject.cz\/index.php?rest_route=\/wp\/v2\/types\/page"}],"author":[{"embeddable":true,"href":"https:\/\/novy.vlkproject.cz\/index.php?rest_route=\/wp\/v2\/users\/2"}],"replies":[{"embeddable":true,"href":"https:\/\/novy.vlkproject.cz\/index.php?rest_route=%2Fwp%2Fv2%2Fcomments&post=251"}],"version-history":[{"count":3,"href":"https:\/\/novy.vlkproject.cz\/index.php?rest_route=\/wp\/v2\/pages\/251\/revisions"}],"predecessor-version":[{"id":557,"href":"https:\/\/novy.vlkproject.cz\/index.php?rest_route=\/wp\/v2\/pages\/251\/revisions\/557"}],"up":[{"embeddable":true,"href":"https:\/\/novy.vlkproject.cz\/index.php?rest_route=\/wp\/v2\/pages\/34"}],"wp:attachment":[{"href":"https:\/\/novy.vlkproject.cz\/index.php?rest_route=%2Fwp%2Fv2%2Fmedia&parent=251"}],"curies":[{"name":"wp","href":"https:\/\/api.w.org\/{rel}","templated":true}]}}