{"id":253,"date":"2020-05-18T21:32:57","date_gmt":"2020-05-18T19:32:57","guid":{"rendered":"http:\/\/novy.vlkproject.cz\/?page_id=253"},"modified":"2024-03-12T14:39:06","modified_gmt":"2024-03-12T13:39:06","slug":"lanovky","status":"publish","type":"page","link":"https:\/\/novy.vlkproject.cz\/?page_id=253","title":{"rendered":"Lanovky"},"content":{"rendered":"<p>Lanovky a lanov\u00e9 syst\u00e9my jsou ur\u010deny k doprav\u011b kmen\u016f a strom\u016f z nep\u0159\u00edstupn\u00fdch ter\u00e9n\u016f v poloz\u00e1v\u011bsu (za ur\u010dit\u00fdch podm\u00ednek lze i plnoz\u00e1v\u011bs) po svahu, proti svahu a po rovin\u011b. Lanovku je mo\u017en\u00e9 pou\u017e\u00edvat p\u0159i v\u0161ech operac\u00edch soust\u0159e\u010fov\u00e1n\u00ed d\u0159\u00edv\u00ed v nep\u0159\u00edstupn\u00fdch ter\u00e9nech, tj. p\u0159i vyklizov\u00e1n\u00ed, sestaven\u00ed n\u00e1kladu, p\u0159ibli\u017eov\u00e1n\u00ed a ukl\u00e1d\u00e1n\u00ed d\u0159\u00edv\u00ed na skl\u00e1dku. Doprava b\u0159emene se prov\u00e1d\u00ed lanovou ko\u010dkou, kter\u00e1 poj\u00ed\u017ed\u00ed po zakotven\u00e9m nosn\u00e9m lanu pomoc\u00ed ta\u017en\u00e9ho a vratn\u00e9ho lana.<\/p>\n<p><a href=\"https:\/\/novy.vlkproject.cz\/?page_id=562\">VLU &#8211; 5<\/a><br \/>\n<a href=\"https:\/\/novy.vlkproject.cz\/?page_id=564\">LS 2-500<\/a><br \/>\n<a href=\"https:\/\/novy.vlkproject.cz\/?page_id=566\">Lanov\u00fd syst\u00e9m k DTN-4<\/a><br \/>\n<a href=\"https:\/\/novy.vlkproject.cz\/?page_id=568\">P\u0159\u00edslu\u0161enstv\u00ed k lanovk\u00e1m<\/a><\/p>\n","protected":false},"excerpt":{"rendered":"<p>Lanovky a lanov\u00e9 syst\u00e9my jsou ur\u010deny k doprav\u011b kmen\u016f a strom\u016f z nep\u0159\u00edstupn\u00fdch ter\u00e9n\u016f v poloz\u00e1v\u011bsu (za ur\u010dit\u00fdch podm\u00ednek lze i plnoz\u00e1v\u011bs) po svahu, proti svahu a po rovin\u011b. Lanovku je mo\u017en\u00e9 pou\u017e\u00edvat p\u0159i v\u0161ech operac\u00edch soust\u0159e\u010fov\u00e1n\u00ed d\u0159\u00edv\u00ed v nep\u0159\u00edstupn\u00fdch [&hellip;]<\/p>\n","protected":false},"author":2,"featured_media":0,"parent":36,"menu_order":10,"comment_status":"closed","ping_status":"closed","template":"","meta":{"ngg_post_thumbnail":0,"footnotes":""},"class_list":["post-253","page","type-page","status-publish","hentry"],"_links":{"self":[{"href":"https:\/\/novy.vlkproject.cz\/index.php?rest_route=\/wp\/v2\/pages\/253","targetHints":{"allow":["GET"]}}],"collection":[{"href":"https:\/\/novy.vlkproject.cz\/index.php?rest_route=\/wp\/v2\/pages"}],"about":[{"href":"https:\/\/novy.vlkproject.cz\/index.php?rest_route=\/wp\/v2\/types\/page"}],"author":[{"embeddable":true,"href":"https:\/\/novy.vlkproject.cz\/index.php?rest_route=\/wp\/v2\/users\/2"}],"replies":[{"embeddable":true,"href":"https:\/\/novy.vlkproject.cz\/index.php?rest_route=%2Fwp%2Fv2%2Fcomments&post=253"}],"version-history":[{"count":5,"href":"https:\/\/novy.vlkproject.cz\/index.php?rest_route=\/wp\/v2\/pages\/253\/revisions"}],"predecessor-version":[{"id":559,"href":"https:\/\/novy.vlkproject.cz\/index.php?rest_route=\/wp\/v2\/pages\/253\/revisions\/559"}],"up":[{"embeddable":true,"href":"https:\/\/novy.vlkproject.cz\/index.php?rest_route=\/wp\/v2\/pages\/36"}],"wp:attachment":[{"href":"https:\/\/novy.vlkproject.cz\/index.php?rest_route=%2Fwp%2Fv2%2Fmedia&parent=253"}],"curies":[{"name":"wp","href":"https:\/\/api.w.org\/{rel}","templated":true}]}}