{"id":257,"date":"2020-05-18T21:37:08","date_gmt":"2020-05-18T19:37:08","guid":{"rendered":"http:\/\/novy.vlkproject.cz\/?page_id=257"},"modified":"2024-03-13T08:14:12","modified_gmt":"2024-03-13T07:14:12","slug":"nastavby-pro-soustredovani-drivi","status":"publish","type":"page","link":"https:\/\/novy.vlkproject.cz\/?page_id=257","title":{"rendered":"N\u00e1stavby pro soust\u0159e\u010fov\u00e1n\u00ed d\u0159\u00edv\u00ed"},"content":{"rendered":"<p>N\u00e1stavby pro soust\u0159e\u010fov\u00e1n\u00ed d\u0159\u00edv\u00ed na traktorech umo\u017e\u0148uj\u00ed pou\u017e\u00edt tento univers\u00e1ln\u00ed kolov\u00fd traktor (d\u00e1le jen UKT) p\u0159i v\u0161ech operac\u00edch soust\u0159e\u010fov\u00e1n\u00ed d\u0159\u00edv\u00ed, tj. p\u0159i vyklizov\u00e1n\u00ed, sestaven\u00ed n\u00e1kladu, p\u0159ibli\u017eov\u00e1n\u00ed a ukl\u00e1d\u00e1n\u00ed d\u0159\u00edv\u00ed na skl\u00e1dky.<\/p>\n<p><a href=\"https:\/\/novy.vlkproject.cz\/?page_id=574\">LESTRAK<\/a><\/p>\n<p><a href=\"https:\/\/novy.vlkproject.cz\/?page_id=577\">MA 6-008<\/a><\/p>\n<p><a href=\"https:\/\/novy.vlkproject.cz\/?page_id=579\">MA 6-018<\/a><\/p>\n<p><a href=\"https:\/\/novy.vlkproject.cz\/?page_id=581\">Rampova\u010de a rampovac\u00ed lopaty<\/a><\/p>\n","protected":false},"excerpt":{"rendered":"<p>N\u00e1stavby pro soust\u0159e\u010fov\u00e1n\u00ed d\u0159\u00edv\u00ed na traktorech umo\u017e\u0148uj\u00ed pou\u017e\u00edt tento univers\u00e1ln\u00ed kolov\u00fd traktor (d\u00e1le jen UKT) p\u0159i v\u0161ech operac\u00edch soust\u0159e\u010fov\u00e1n\u00ed d\u0159\u00edv\u00ed, tj. p\u0159i vyklizov\u00e1n\u00ed, sestaven\u00ed n\u00e1kladu, p\u0159ibli\u017eov\u00e1n\u00ed a ukl\u00e1d\u00e1n\u00ed d\u0159\u00edv\u00ed na skl\u00e1dky. LESTRAK MA 6-008 MA 6-018 Rampova\u010de a rampovac\u00ed lopaty<\/p>\n","protected":false},"author":2,"featured_media":0,"parent":36,"menu_order":30,"comment_status":"closed","ping_status":"closed","template":"","meta":{"ngg_post_thumbnail":0,"footnotes":""},"class_list":["post-257","page","type-page","status-publish","hentry"],"_links":{"self":[{"href":"https:\/\/novy.vlkproject.cz\/index.php?rest_route=\/wp\/v2\/pages\/257","targetHints":{"allow":["GET"]}}],"collection":[{"href":"https:\/\/novy.vlkproject.cz\/index.php?rest_route=\/wp\/v2\/pages"}],"about":[{"href":"https:\/\/novy.vlkproject.cz\/index.php?rest_route=\/wp\/v2\/types\/page"}],"author":[{"embeddable":true,"href":"https:\/\/novy.vlkproject.cz\/index.php?rest_route=\/wp\/v2\/users\/2"}],"replies":[{"embeddable":true,"href":"https:\/\/novy.vlkproject.cz\/index.php?rest_route=%2Fwp%2Fv2%2Fcomments&post=257"}],"version-history":[{"count":4,"href":"https:\/\/novy.vlkproject.cz\/index.php?rest_route=\/wp\/v2\/pages\/257\/revisions"}],"predecessor-version":[{"id":583,"href":"https:\/\/novy.vlkproject.cz\/index.php?rest_route=\/wp\/v2\/pages\/257\/revisions\/583"}],"up":[{"embeddable":true,"href":"https:\/\/novy.vlkproject.cz\/index.php?rest_route=\/wp\/v2\/pages\/36"}],"wp:attachment":[{"href":"https:\/\/novy.vlkproject.cz\/index.php?rest_route=%2Fwp%2Fv2%2Fmedia&parent=257"}],"curies":[{"name":"wp","href":"https:\/\/api.w.org\/{rel}","templated":true}]}}