{"id":265,"date":"2020-05-18T21:42:09","date_gmt":"2020-05-18T19:42:09","guid":{"rendered":"http:\/\/novy.vlkproject.cz\/?page_id=265"},"modified":"2020-05-18T21:42:09","modified_gmt":"2020-05-18T19:42:09","slug":"privesy-za-malotraktory-atv-utv","status":"publish","type":"page","link":"https:\/\/novy.vlkproject.cz\/?page_id=265","title":{"rendered":"P\u0159\u00edv\u011bsy za malotraktory, ATV, UTV"},"content":{"rendered":"<p>MULA<\/p>\n<p>kolesna<\/p>\n","protected":false},"excerpt":{"rendered":"<p>MULA kolesna<\/p>\n","protected":false},"author":2,"featured_media":0,"parent":38,"menu_order":20,"comment_status":"closed","ping_status":"closed","template":"","meta":{"ngg_post_thumbnail":0,"footnotes":""},"class_list":["post-265","page","type-page","status-publish","hentry"],"_links":{"self":[{"href":"https:\/\/novy.vlkproject.cz\/index.php?rest_route=\/wp\/v2\/pages\/265","targetHints":{"allow":["GET"]}}],"collection":[{"href":"https:\/\/novy.vlkproject.cz\/index.php?rest_route=\/wp\/v2\/pages"}],"about":[{"href":"https:\/\/novy.vlkproject.cz\/index.php?rest_route=\/wp\/v2\/types\/page"}],"author":[{"embeddable":true,"href":"https:\/\/novy.vlkproject.cz\/index.php?rest_route=\/wp\/v2\/users\/2"}],"replies":[{"embeddable":true,"href":"https:\/\/novy.vlkproject.cz\/index.php?rest_route=%2Fwp%2Fv2%2Fcomments&post=265"}],"version-history":[{"count":1,"href":"https:\/\/novy.vlkproject.cz\/index.php?rest_route=\/wp\/v2\/pages\/265\/revisions"}],"predecessor-version":[{"id":266,"href":"https:\/\/novy.vlkproject.cz\/index.php?rest_route=\/wp\/v2\/pages\/265\/revisions\/266"}],"up":[{"embeddable":true,"href":"https:\/\/novy.vlkproject.cz\/index.php?rest_route=\/wp\/v2\/pages\/38"}],"wp:attachment":[{"href":"https:\/\/novy.vlkproject.cz\/index.php?rest_route=%2Fwp%2Fv2%2Fmedia&parent=265"}],"curies":[{"name":"wp","href":"https:\/\/api.w.org\/{rel}","templated":true}]}}