{"id":267,"date":"2020-05-18T21:44:00","date_gmt":"2020-05-18T19:44:00","guid":{"rendered":"http:\/\/novy.vlkproject.cz\/?page_id=267"},"modified":"2020-05-18T21:44:00","modified_gmt":"2020-05-18T19:44:00","slug":"privesy-za-auta","status":"publish","type":"page","link":"https:\/\/novy.vlkproject.cz\/?page_id=267","title":{"rendered":"P\u0159\u00edv\u011bsy za auta"},"content":{"rendered":"<p>DAV-8(DAV-7<\/p>\n<p>DAV-12<\/p>\n<p>PANDA 15<\/p>\n<p>P\u0159\u00edslu\u0161enstv\u00ed k p\u0159\u00edv\u011bs\u016fm<\/p>\n<p>&nbsp;<\/p>\n","protected":false},"excerpt":{"rendered":"<p>DAV-8(DAV-7 DAV-12 PANDA 15 P\u0159\u00edslu\u0161enstv\u00ed k p\u0159\u00edv\u011bs\u016fm &nbsp;<\/p>\n","protected":false},"author":2,"featured_media":0,"parent":38,"menu_order":30,"comment_status":"closed","ping_status":"closed","template":"","meta":{"ngg_post_thumbnail":0,"footnotes":""},"class_list":["post-267","page","type-page","status-publish","hentry"],"_links":{"self":[{"href":"https:\/\/novy.vlkproject.cz\/index.php?rest_route=\/wp\/v2\/pages\/267","targetHints":{"allow":["GET"]}}],"collection":[{"href":"https:\/\/novy.vlkproject.cz\/index.php?rest_route=\/wp\/v2\/pages"}],"about":[{"href":"https:\/\/novy.vlkproject.cz\/index.php?rest_route=\/wp\/v2\/types\/page"}],"author":[{"embeddable":true,"href":"https:\/\/novy.vlkproject.cz\/index.php?rest_route=\/wp\/v2\/users\/2"}],"replies":[{"embeddable":true,"href":"https:\/\/novy.vlkproject.cz\/index.php?rest_route=%2Fwp%2Fv2%2Fcomments&post=267"}],"version-history":[{"count":1,"href":"https:\/\/novy.vlkproject.cz\/index.php?rest_route=\/wp\/v2\/pages\/267\/revisions"}],"predecessor-version":[{"id":268,"href":"https:\/\/novy.vlkproject.cz\/index.php?rest_route=\/wp\/v2\/pages\/267\/revisions\/268"}],"up":[{"embeddable":true,"href":"https:\/\/novy.vlkproject.cz\/index.php?rest_route=\/wp\/v2\/pages\/38"}],"wp:attachment":[{"href":"https:\/\/novy.vlkproject.cz\/index.php?rest_route=%2Fwp%2Fv2%2Fmedia&parent=267"}],"curies":[{"name":"wp","href":"https:\/\/api.w.org\/{rel}","templated":true}]}}