{"id":269,"date":"2020-05-18T21:46:18","date_gmt":"2020-05-18T19:46:18","guid":{"rendered":"http:\/\/novy.vlkproject.cz\/?page_id=269"},"modified":"2024-03-13T08:42:38","modified_gmt":"2024-03-13T07:42:38","slug":"rampovaci-lopaty","status":"publish","type":"page","link":"https:\/\/novy.vlkproject.cz\/?page_id=269","title":{"rendered":"Rampovac\u00ed lopaty na naklada\u010d"},"content":{"rendered":"<p>Rampovac\u00ed lopata na \u010deln\u00ed naklada\u010d traktoru je ur\u010den pro manipulaci z dlouhou kulatinou nebo sortimenty. Jej\u00ed v\u00fdhodou je \u0161irok\u00fd rozsah pou\u017eit\u00ed. D\u00edky rychloup\u00edn\u00e1n\u00ed na naklada\u010di lze efektivn\u011b zam\u011b\u0148ovat r\u016fzn\u00e9 adapt\u00e9ry na jednom traktoru a t\u00edm zv\u00fd\u0161it komplexnost cel\u00e9 pr\u00e1ce.<\/p>\n<p><a href=\"https:\/\/novy.vlkproject.cz\/?page_id=587\">Drap\u00e1k<\/a><\/p>\n<p><a href=\"https:\/\/novy.vlkproject.cz\/?page_id=589\">Odleh\u010den\u00e1 lopata<\/a><\/p>\n<p><a href=\"https:\/\/novy.vlkproject.cz\/?page_id=591\">Nosoro\u017eec<\/a><\/p>\n<p><a href=\"https:\/\/novy.vlkproject.cz\/?page_id=593\">U\u0161\u00e1k<\/a><\/p>\n<p><a href=\"https:\/\/novy.vlkproject.cz\/?page_id=595\">Muflon<\/a><\/p>\n<p>&nbsp;<\/p>\n","protected":false},"excerpt":{"rendered":"<p>Rampovac\u00ed lopata na \u010deln\u00ed naklada\u010d traktoru je ur\u010den pro manipulaci z dlouhou kulatinou nebo sortimenty. Jej\u00ed v\u00fdhodou je \u0161irok\u00fd rozsah pou\u017eit\u00ed. D\u00edky rychloup\u00edn\u00e1n\u00ed na naklada\u010di lze efektivn\u011b zam\u011b\u0148ovat r\u016fzn\u00e9 adapt\u00e9ry na jednom traktoru a t\u00edm zv\u00fd\u0161it komplexnost cel\u00e9 pr\u00e1ce. Drap\u00e1k [&hellip;]<\/p>\n","protected":false},"author":2,"featured_media":0,"parent":36,"menu_order":35,"comment_status":"closed","ping_status":"closed","template":"","meta":{"ngg_post_thumbnail":0,"footnotes":""},"class_list":["post-269","page","type-page","status-publish","hentry"],"_links":{"self":[{"href":"https:\/\/novy.vlkproject.cz\/index.php?rest_route=\/wp\/v2\/pages\/269","targetHints":{"allow":["GET"]}}],"collection":[{"href":"https:\/\/novy.vlkproject.cz\/index.php?rest_route=\/wp\/v2\/pages"}],"about":[{"href":"https:\/\/novy.vlkproject.cz\/index.php?rest_route=\/wp\/v2\/types\/page"}],"author":[{"embeddable":true,"href":"https:\/\/novy.vlkproject.cz\/index.php?rest_route=\/wp\/v2\/users\/2"}],"replies":[{"embeddable":true,"href":"https:\/\/novy.vlkproject.cz\/index.php?rest_route=%2Fwp%2Fv2%2Fcomments&post=269"}],"version-history":[{"count":5,"href":"https:\/\/novy.vlkproject.cz\/index.php?rest_route=\/wp\/v2\/pages\/269\/revisions"}],"predecessor-version":[{"id":597,"href":"https:\/\/novy.vlkproject.cz\/index.php?rest_route=\/wp\/v2\/pages\/269\/revisions\/597"}],"up":[{"embeddable":true,"href":"https:\/\/novy.vlkproject.cz\/index.php?rest_route=\/wp\/v2\/pages\/36"}],"wp:attachment":[{"href":"https:\/\/novy.vlkproject.cz\/index.php?rest_route=%2Fwp%2Fv2%2Fmedia&parent=269"}],"curies":[{"name":"wp","href":"https:\/\/api.w.org\/{rel}","templated":true}]}}