{"id":27,"date":"2020-05-08T13:03:28","date_gmt":"2020-05-08T11:03:28","guid":{"rendered":"http:\/\/novy.vlkproject.cz\/?page_id=27"},"modified":"2024-03-12T12:35:32","modified_gmt":"2024-03-12T11:35:32","slug":"o-nas","status":"publish","type":"page","link":"https:\/\/novy.vlkproject.cz\/?page_id=27","title":{"rendered":"O n\u00e1s"},"content":{"rendered":"\r\n\r\n\r\n<p>V\u00edtejte na webu VLK-project!<\/p>\r\n<p>Jsme firma se z\u00e1zem\u00edm od roku 1992, kter\u00e1 se specializuje na lesn\u00ed stroje a jejich p\u0159\u00edslu\u0161enstv\u00ed, a tak\u00e9 na prodej n\u00e1hradn\u00edch d\u00edl\u016f.<\/p>\r\n<p>Nab\u00edz\u00edme \u0161irok\u00fd sortiment nov\u00fdch stroj\u016f, v\u010detn\u011b:<\/p>\r\n<p>Lesn\u00ed navij\u00e1ky jedno- a dvoububnov\u00e9 od norsk\u00e9ho v\u00fdrobce IGLAND.<br>Vyv\u00e1\u017eec\u00ed p\u0159\u00edv\u011bsy s inovativn\u00ed technologi\u00ed Swingtrac.<br>\u0160t\u00edpac\u00ed procesory a \u0161t\u00edpa\u010dky palivov\u00e9ho d\u0159\u00edv\u00ed.<br>Adapt\u00e9ry a rampovac\u00ed lopaty na \u010deln\u00ed naklada\u010de traktor\u016f.<br>P\u011bstebn\u00ed a \u0161kolka\u0159sk\u00e9 stroje.<br>Odv\u011btvovac\u00ed stroje a shrnova\u010de klestu.<\/p>\r\n<p>Jsme zde tak\u00e9 pro ty, kte\u0159\u00ed pot\u0159ebuj\u00ed servis a v\u00fdrobu n\u00e1hradn\u00edch d\u00edl\u016f. Poskytujeme tak\u00e9 servis navij\u00e1k\u016f, v\u010detn\u011b model\u016f TUN 40 a DTN-4.<\/p>\r\n<p>V r\u00e1mci prodeje p\u0159\u00edslu\u0161enstv\u00ed nab\u00edz\u00edme v\u00e1zac\u00ed a zvedac\u00ed prost\u0159edky od v\u00fdrobc\u016f jako SpanSet, Pewag, Trygg, Yale a dal\u0161\u00ed.<\/p>\r\n<p>D\u011bkujeme, \u017ee jste si vybrali n\u00e1\u0161 web. Pokud m\u00e1te jak\u00e9koliv dotazy nebo z\u00e1jem o na\u0161e slu\u017eby, nev\u00e1hejte n\u00e1s kontaktovat!<\/p>\r\n","protected":false},"excerpt":{"rendered":"<p>V\u00edtejte na webu VLK-project! Jsme firma se z\u00e1zem\u00edm od roku 1992, kter\u00e1 se specializuje na lesn\u00ed stroje a jejich p\u0159\u00edslu\u0161enstv\u00ed, a tak\u00e9 na prodej n\u00e1hradn\u00edch d\u00edl\u016f. Nab\u00edz\u00edme \u0161irok\u00fd sortiment nov\u00fdch stroj\u016f, v\u010detn\u011b: Lesn\u00ed navij\u00e1ky jedno- a dvoububnov\u00e9 od norsk\u00e9ho v\u00fdrobce [&hellip;]<\/p>\n","protected":false},"author":2,"featured_media":0,"parent":0,"menu_order":10,"comment_status":"closed","ping_status":"closed","template":"","meta":{"ngg_post_thumbnail":0,"footnotes":""},"class_list":["post-27","page","type-page","status-publish","hentry"],"_links":{"self":[{"href":"https:\/\/novy.vlkproject.cz\/index.php?rest_route=\/wp\/v2\/pages\/27","targetHints":{"allow":["GET"]}}],"collection":[{"href":"https:\/\/novy.vlkproject.cz\/index.php?rest_route=\/wp\/v2\/pages"}],"about":[{"href":"https:\/\/novy.vlkproject.cz\/index.php?rest_route=\/wp\/v2\/types\/page"}],"author":[{"embeddable":true,"href":"https:\/\/novy.vlkproject.cz\/index.php?rest_route=\/wp\/v2\/users\/2"}],"replies":[{"embeddable":true,"href":"https:\/\/novy.vlkproject.cz\/index.php?rest_route=%2Fwp%2Fv2%2Fcomments&post=27"}],"version-history":[{"count":7,"href":"https:\/\/novy.vlkproject.cz\/index.php?rest_route=\/wp\/v2\/pages\/27\/revisions"}],"predecessor-version":[{"id":553,"href":"https:\/\/novy.vlkproject.cz\/index.php?rest_route=\/wp\/v2\/pages\/27\/revisions\/553"}],"wp:attachment":[{"href":"https:\/\/novy.vlkproject.cz\/index.php?rest_route=%2Fwp%2Fv2%2Fmedia&parent=27"}],"curies":[{"name":"wp","href":"https:\/\/api.w.org\/{rel}","templated":true}]}}