{"id":32,"date":"2020-05-08T13:12:11","date_gmt":"2020-05-08T11:12:11","guid":{"rendered":"http:\/\/novy.vlkproject.cz\/?page_id=32"},"modified":"2024-03-12T12:46:59","modified_gmt":"2024-03-12T11:46:59","slug":"stroje-a-prislusenstvi","status":"publish","type":"page","link":"https:\/\/novy.vlkproject.cz\/?page_id=32","title":{"rendered":"Stroje a p\u0159\u00edslu\u0161enstv\u00ed"},"content":{"rendered":"\r\n<p>Zde na na\u0161ich str\u00e1nk\u00e1ch naleznete nejen informace o aktu\u00e1ln\u011b dostupn\u00fdch stroj\u00edch a jejich p\u0159\u00edslu\u0161enstv\u00ed, ale tak\u00e9 o star\u0161\u00edch modelech, kter\u00e9 se ji\u017e nevyr\u00e1b\u011bj\u00ed, av\u0161ak st\u00e1le jsou vyu\u017e\u00edv\u00e1ny v lesn\u00ed praxi. Pro v\u011bt\u0161inu z t\u011bchto stroj\u016f jsme schopni zajistit v\u00fdrobu n\u00e1hradn\u00edch d\u00edl\u016f a poskytnout servis. S n\u00e1mi si m\u016f\u017eete b\u00fdt jist\u00ed, \u017ee stroje z\u016fstanou v provozuschopn\u00e9m stavu, a\u0165 u\u017e jsou nov\u00e9ho \u010di star\u0161\u00edho p\u016fvodu.<\/p>\r\n<p>&nbsp;<\/p>\r\n\r\n\r\n\r\n<h4 class=\"wp-block-heading\">Skupiny stroj\u016f<\/h4>\r\n\r\n\r\n\r\n<p><a href=\"http:\/\/novy.vlkproject.cz\/?page_id=34\">P\u011bstebn\u00ed a \u0161kolka\u0159sk\u00e1 \u010dinnost<\/a><\/p>\r\n\r\n\r\n\r\n<p><a href=\"http:\/\/novy.vlkproject.cz\/?page_id=36\">T\u011b\u017eba a p\u0159ibli\u017eov\u00e1n\u00ed<\/a><\/p>\r\n\r\n\r\n\r\n<p><a href=\"http:\/\/novy.vlkproject.cz\/?page_id=38\">Odvoz d\u0159\u00edv\u00ed<\/a><\/p>\r\n\r\n\r\n\r\n<p><a href=\"http:\/\/novy.vlkproject.cz\/?page_id=40\">Zpracov\u00e1n\u00ed d\u0159eva<\/a><\/p>\r\n\r\n\r\n\r\n<p><a href=\"http:\/\/novy.vlkproject.cz\/?page_id=42\">P\u0159\u00edslu\u0161enstv\u00ed &#8211; zvedac\u00ed, v\u00e1zac\u00ed prost\u0159edky, \u0159et\u011bzy, kladky apod.<\/a><\/p>\r\n","protected":false},"excerpt":{"rendered":"<p>Zde na na\u0161ich str\u00e1nk\u00e1ch naleznete nejen informace o aktu\u00e1ln\u011b dostupn\u00fdch stroj\u00edch a jejich p\u0159\u00edslu\u0161enstv\u00ed, ale tak\u00e9 o star\u0161\u00edch modelech, kter\u00e9 se ji\u017e nevyr\u00e1b\u011bj\u00ed, av\u0161ak st\u00e1le jsou vyu\u017e\u00edv\u00e1ny v lesn\u00ed praxi. Pro v\u011bt\u0161inu z t\u011bchto stroj\u016f jsme schopni zajistit v\u00fdrobu n\u00e1hradn\u00edch [&hellip;]<\/p>\n","protected":false},"author":2,"featured_media":0,"parent":0,"menu_order":20,"comment_status":"closed","ping_status":"closed","template":"","meta":{"ngg_post_thumbnail":0,"footnotes":""},"class_list":["post-32","page","type-page","status-publish","hentry"],"_links":{"self":[{"href":"https:\/\/novy.vlkproject.cz\/index.php?rest_route=\/wp\/v2\/pages\/32","targetHints":{"allow":["GET"]}}],"collection":[{"href":"https:\/\/novy.vlkproject.cz\/index.php?rest_route=\/wp\/v2\/pages"}],"about":[{"href":"https:\/\/novy.vlkproject.cz\/index.php?rest_route=\/wp\/v2\/types\/page"}],"author":[{"embeddable":true,"href":"https:\/\/novy.vlkproject.cz\/index.php?rest_route=\/wp\/v2\/users\/2"}],"replies":[{"embeddable":true,"href":"https:\/\/novy.vlkproject.cz\/index.php?rest_route=%2Fwp%2Fv2%2Fcomments&post=32"}],"version-history":[{"count":6,"href":"https:\/\/novy.vlkproject.cz\/index.php?rest_route=\/wp\/v2\/pages\/32\/revisions"}],"predecessor-version":[{"id":554,"href":"https:\/\/novy.vlkproject.cz\/index.php?rest_route=\/wp\/v2\/pages\/32\/revisions\/554"}],"wp:attachment":[{"href":"https:\/\/novy.vlkproject.cz\/index.php?rest_route=%2Fwp%2Fv2%2Fmedia&parent=32"}],"curies":[{"name":"wp","href":"https:\/\/api.w.org\/{rel}","templated":true}]}}