{"id":34,"date":"2020-05-08T13:16:19","date_gmt":"2020-05-08T11:16:19","guid":{"rendered":"http:\/\/novy.vlkproject.cz\/?page_id=34"},"modified":"2024-03-12T12:48:40","modified_gmt":"2024-03-12T11:48:40","slug":"pestebni-a-skolkarska-cinnost","status":"publish","type":"page","link":"https:\/\/novy.vlkproject.cz\/?page_id=34","title":{"rendered":"P\u011bstebn\u00ed a \u0161kolka\u0159sk\u00e1 \u010dinnost"},"content":{"rendered":"\r\n<p>V t\u00e9to sekci se nach\u00e1z\u00ed stroje ur\u010den\u00e9 pro \u0161kolka\u0159skou a p\u011bstebn\u00ed \u010dinnost v lese. Jde o stroje pro p\u0159\u00edpravu p\u016fdy p\u0159ed s\u00e1zen\u00edm, s\u00e1zen\u00ed sazenic ve \u0161kolk\u00e1ch nebo v lese, vyzved\u00e1v\u00e1n\u00ed sazenic apod.<\/p>\r\n<p><a href=\"http:\/\/novy.vlkproject.cz\/?page_id=50\">P\u016fdn\u00ed fr\u00e9zy<\/a><\/p>\r\n<p><a href=\"http:\/\/novy.vlkproject.cz\/?page_id=204\">POVYSAZ &#8211; pod\u0159ez\u00e1vac\u00ed vyor\u00e1va\u010d sazenic<\/a><\/p>\r\n<p><a href=\"http:\/\/novy.vlkproject.cz\/?page_id=210\">Chameleon &#8211; stroj pro lesn\u00ed \u0161kolky<\/a><\/p>\r\n<p><a href=\"http:\/\/novy.vlkproject.cz\/?page_id=199\">Shrnova\u010d klestu<\/a><\/p>\r\n","protected":false},"excerpt":{"rendered":"<p>V t\u00e9to sekci se nach\u00e1z\u00ed stroje ur\u010den\u00e9 pro \u0161kolka\u0159skou a p\u011bstebn\u00ed \u010dinnost v lese. Jde o stroje pro p\u0159\u00edpravu p\u016fdy p\u0159ed s\u00e1zen\u00edm, s\u00e1zen\u00ed sazenic ve \u0161kolk\u00e1ch nebo v lese, vyzved\u00e1v\u00e1n\u00ed sazenic apod. P\u016fdn\u00ed fr\u00e9zy POVYSAZ &#8211; pod\u0159ez\u00e1vac\u00ed vyor\u00e1va\u010d sazenic Chameleon [&hellip;]<\/p>\n","protected":false},"author":2,"featured_media":0,"parent":32,"menu_order":21,"comment_status":"closed","ping_status":"closed","template":"","meta":{"ngg_post_thumbnail":0,"footnotes":""},"class_list":["post-34","page","type-page","status-publish","hentry"],"_links":{"self":[{"href":"https:\/\/novy.vlkproject.cz\/index.php?rest_route=\/wp\/v2\/pages\/34","targetHints":{"allow":["GET"]}}],"collection":[{"href":"https:\/\/novy.vlkproject.cz\/index.php?rest_route=\/wp\/v2\/pages"}],"about":[{"href":"https:\/\/novy.vlkproject.cz\/index.php?rest_route=\/wp\/v2\/types\/page"}],"author":[{"embeddable":true,"href":"https:\/\/novy.vlkproject.cz\/index.php?rest_route=\/wp\/v2\/users\/2"}],"replies":[{"embeddable":true,"href":"https:\/\/novy.vlkproject.cz\/index.php?rest_route=%2Fwp%2Fv2%2Fcomments&post=34"}],"version-history":[{"count":5,"href":"https:\/\/novy.vlkproject.cz\/index.php?rest_route=\/wp\/v2\/pages\/34\/revisions"}],"predecessor-version":[{"id":555,"href":"https:\/\/novy.vlkproject.cz\/index.php?rest_route=\/wp\/v2\/pages\/34\/revisions\/555"}],"up":[{"embeddable":true,"href":"https:\/\/novy.vlkproject.cz\/index.php?rest_route=\/wp\/v2\/pages\/32"}],"wp:attachment":[{"href":"https:\/\/novy.vlkproject.cz\/index.php?rest_route=%2Fwp%2Fv2%2Fmedia&parent=34"}],"curies":[{"name":"wp","href":"https:\/\/api.w.org\/{rel}","templated":true}]}}