{"id":36,"date":"2020-05-08T13:18:35","date_gmt":"2020-05-08T11:18:35","guid":{"rendered":"http:\/\/novy.vlkproject.cz\/?page_id=36"},"modified":"2020-05-08T13:18:35","modified_gmt":"2020-05-08T11:18:35","slug":"tezba-a-priblizovani","status":"publish","type":"page","link":"https:\/\/novy.vlkproject.cz\/?page_id=36","title":{"rendered":"T\u011b\u017eba a p\u0159ibli\u017eov\u00e1n\u00ed"},"content":{"rendered":"\n<p>Zde naleznete stroje, kter\u00e9 se vyu\u017e\u00edvaj\u00ed p\u0159i t\u011b\u017eb\u011b a p\u0159ibli\u017eov\u00e1n\u00ed d\u0159eva. Jde hlavn\u011b o lanovky, navij\u00e1ky a lesnick\u00e9 n\u00e1stavby na traktory. <\/p>\n","protected":false},"excerpt":{"rendered":"<p>Zde naleznete stroje, kter\u00e9 se vyu\u017e\u00edvaj\u00ed p\u0159i t\u011b\u017eb\u011b a p\u0159ibli\u017eov\u00e1n\u00ed d\u0159eva. Jde hlavn\u011b o lanovky, navij\u00e1ky a lesnick\u00e9 n\u00e1stavby na traktory.<\/p>\n","protected":false},"author":2,"featured_media":0,"parent":32,"menu_order":22,"comment_status":"closed","ping_status":"closed","template":"","meta":{"ngg_post_thumbnail":0,"footnotes":""},"class_list":["post-36","page","type-page","status-publish","hentry"],"_links":{"self":[{"href":"https:\/\/novy.vlkproject.cz\/index.php?rest_route=\/wp\/v2\/pages\/36","targetHints":{"allow":["GET"]}}],"collection":[{"href":"https:\/\/novy.vlkproject.cz\/index.php?rest_route=\/wp\/v2\/pages"}],"about":[{"href":"https:\/\/novy.vlkproject.cz\/index.php?rest_route=\/wp\/v2\/types\/page"}],"author":[{"embeddable":true,"href":"https:\/\/novy.vlkproject.cz\/index.php?rest_route=\/wp\/v2\/users\/2"}],"replies":[{"embeddable":true,"href":"https:\/\/novy.vlkproject.cz\/index.php?rest_route=%2Fwp%2Fv2%2Fcomments&post=36"}],"version-history":[{"count":1,"href":"https:\/\/novy.vlkproject.cz\/index.php?rest_route=\/wp\/v2\/pages\/36\/revisions"}],"predecessor-version":[{"id":37,"href":"https:\/\/novy.vlkproject.cz\/index.php?rest_route=\/wp\/v2\/pages\/36\/revisions\/37"}],"up":[{"embeddable":true,"href":"https:\/\/novy.vlkproject.cz\/index.php?rest_route=\/wp\/v2\/pages\/32"}],"wp:attachment":[{"href":"https:\/\/novy.vlkproject.cz\/index.php?rest_route=%2Fwp%2Fv2%2Fmedia&parent=36"}],"curies":[{"name":"wp","href":"https:\/\/api.w.org\/{rel}","templated":true}]}}