{"id":38,"date":"2020-05-08T13:21:42","date_gmt":"2020-05-08T11:21:42","guid":{"rendered":"http:\/\/novy.vlkproject.cz\/?page_id=38"},"modified":"2020-05-08T13:21:42","modified_gmt":"2020-05-08T11:21:42","slug":"odvoz-drivi","status":"publish","type":"page","link":"https:\/\/novy.vlkproject.cz\/?page_id=38","title":{"rendered":"Odvoz d\u0159\u00edv\u00ed"},"content":{"rendered":"\n<p>V t\u00e9to \u010d\u00e1sti naleznete jednat odvozn\u00ed soupravy slo\u017een\u00e9 z n\u00e1kladn\u00edch automobil\u016f a p\u0159\u00edv\u011bs\u016f nebo traktorov\u00e9 soupravu tvo\u0159en\u00e9 vlekem a ta\u017en\u00fdm prost\u0159edkem.<\/p>\n","protected":false},"excerpt":{"rendered":"<p>V t\u00e9to \u010d\u00e1sti naleznete jednat odvozn\u00ed soupravy slo\u017een\u00e9 z n\u00e1kladn\u00edch automobil\u016f a p\u0159\u00edv\u011bs\u016f nebo traktorov\u00e9 soupravu tvo\u0159en\u00e9 vlekem a ta\u017en\u00fdm prost\u0159edkem.<\/p>\n","protected":false},"author":2,"featured_media":0,"parent":32,"menu_order":23,"comment_status":"closed","ping_status":"closed","template":"","meta":{"ngg_post_thumbnail":0,"footnotes":""},"class_list":["post-38","page","type-page","status-publish","hentry"],"_links":{"self":[{"href":"https:\/\/novy.vlkproject.cz\/index.php?rest_route=\/wp\/v2\/pages\/38","targetHints":{"allow":["GET"]}}],"collection":[{"href":"https:\/\/novy.vlkproject.cz\/index.php?rest_route=\/wp\/v2\/pages"}],"about":[{"href":"https:\/\/novy.vlkproject.cz\/index.php?rest_route=\/wp\/v2\/types\/page"}],"author":[{"embeddable":true,"href":"https:\/\/novy.vlkproject.cz\/index.php?rest_route=\/wp\/v2\/users\/2"}],"replies":[{"embeddable":true,"href":"https:\/\/novy.vlkproject.cz\/index.php?rest_route=%2Fwp%2Fv2%2Fcomments&post=38"}],"version-history":[{"count":1,"href":"https:\/\/novy.vlkproject.cz\/index.php?rest_route=\/wp\/v2\/pages\/38\/revisions"}],"predecessor-version":[{"id":39,"href":"https:\/\/novy.vlkproject.cz\/index.php?rest_route=\/wp\/v2\/pages\/38\/revisions\/39"}],"up":[{"embeddable":true,"href":"https:\/\/novy.vlkproject.cz\/index.php?rest_route=\/wp\/v2\/pages\/32"}],"wp:attachment":[{"href":"https:\/\/novy.vlkproject.cz\/index.php?rest_route=%2Fwp%2Fv2%2Fmedia&parent=38"}],"curies":[{"name":"wp","href":"https:\/\/api.w.org\/{rel}","templated":true}]}}