{"id":42,"date":"2020-05-08T13:24:14","date_gmt":"2020-05-08T11:24:14","guid":{"rendered":"http:\/\/novy.vlkproject.cz\/?page_id=42"},"modified":"2020-05-18T22:06:20","modified_gmt":"2020-05-18T20:06:20","slug":"zvedaci-a-vazaci-prostredky","status":"publish","type":"page","link":"https:\/\/novy.vlkproject.cz\/?page_id=42","title":{"rendered":"P\u0159\u00edslu\u0161enstv\u00ed"},"content":{"rendered":"\n<p>Textiln\u00ed vaz\u00e1ky, \u0159et\u011bzy, \u00favazky<\/p>\n","protected":false},"excerpt":{"rendered":"<p>Textiln\u00ed vaz\u00e1ky, \u0159et\u011bzy, \u00favazky<\/p>\n","protected":false},"author":2,"featured_media":0,"parent":32,"menu_order":28,"comment_status":"closed","ping_status":"closed","template":"","meta":{"ngg_post_thumbnail":0,"footnotes":""},"class_list":["post-42","page","type-page","status-publish","hentry"],"_links":{"self":[{"href":"https:\/\/novy.vlkproject.cz\/index.php?rest_route=\/wp\/v2\/pages\/42","targetHints":{"allow":["GET"]}}],"collection":[{"href":"https:\/\/novy.vlkproject.cz\/index.php?rest_route=\/wp\/v2\/pages"}],"about":[{"href":"https:\/\/novy.vlkproject.cz\/index.php?rest_route=\/wp\/v2\/types\/page"}],"author":[{"embeddable":true,"href":"https:\/\/novy.vlkproject.cz\/index.php?rest_route=\/wp\/v2\/users\/2"}],"replies":[{"embeddable":true,"href":"https:\/\/novy.vlkproject.cz\/index.php?rest_route=%2Fwp%2Fv2%2Fcomments&post=42"}],"version-history":[{"count":2,"href":"https:\/\/novy.vlkproject.cz\/index.php?rest_route=\/wp\/v2\/pages\/42\/revisions"}],"predecessor-version":[{"id":286,"href":"https:\/\/novy.vlkproject.cz\/index.php?rest_route=\/wp\/v2\/pages\/42\/revisions\/286"}],"up":[{"embeddable":true,"href":"https:\/\/novy.vlkproject.cz\/index.php?rest_route=\/wp\/v2\/pages\/32"}],"wp:attachment":[{"href":"https:\/\/novy.vlkproject.cz\/index.php?rest_route=%2Fwp%2Fv2%2Fmedia&parent=42"}],"curies":[{"name":"wp","href":"https:\/\/api.w.org\/{rel}","templated":true}]}}