{"id":449,"date":"2022-05-20T09:14:43","date_gmt":"2022-05-20T07:14:43","guid":{"rendered":"http:\/\/novy.vlkproject.cz\/?page_id=449"},"modified":"2025-12-04T10:50:39","modified_gmt":"2025-12-04T09:50:39","slug":"historie-firmy","status":"publish","type":"page","link":"https:\/\/novy.vlkproject.cz\/?page_id=449","title":{"rendered":"Historie firmy"},"content":{"rendered":"<p>Firma VLK-project vznikla v roce 1992 jako fyzick\u00e1 podnikaj\u00edc\u00ed osoba. P\u016fvodn\u00ed zam\u011b\u0159en\u00ed bylo na v\u00fdrobu n\u00e1hradn\u00edch d\u00edl\u016f pro lesn\u00ed stroje a lanovky, kter\u00e9 byly vyrobeny tehdy zanikaj\u00edc\u00ed firmou St\u00e1tn\u00ed lesy podnik technick\u00e9ho rozvoje (SL PTR).<\/p>\n<p>S postupem \u010dasu jsme roz\u0161\u00ed\u0159ili na\u0161i nab\u00eddku o v\u00e1zac\u00ed a zvedac\u00ed techniku od zna\u010dek SAFETEX, PEWAG, SPANSET a YALE. Tak\u00e9 jsme se stali distributorem a servisn\u00edm m\u00edstem pro lesnick\u00e9 stroje od norsk\u00e9ho v\u00fdrobce IGLAND AS a TRYGG.<\/p>\n<p>Na\u0161e \u010dinnost nez\u016fstala jen u distribuce. Za\u010dali jsme tak\u00e9 vyv\u00edjet vlastn\u00ed stroje pro pot\u0159eby lesnictv\u00ed a \u0161kolka\u0159stv\u00ed.<\/p>\n<p>Po ukon\u010den\u00ed \u010dinnosti n\u00e1stupnick\u00e9 organizace SL PTR &#8211; PTR a.s. v roce 1997 jsme pokra\u010dovali s v\u00fdrobou a prodejem n\u00e1hradn\u00edch d\u00edl\u016f pro v\u0161echny stroje, kter\u00e9 tato firma dod\u00e1vala.<\/p>\n<p>V roce 2022 doch\u00e1z\u00ed ke spojen\u00ed s firmou PELI spol. s r.o., abychom pos\u00edlili na\u0161i pozici na trhu a roz\u0161\u00ed\u0159ili na\u0161e slu\u017eby pro na\u0161e z\u00e1kazn\u00edky.<\/p>\n","protected":false},"excerpt":{"rendered":"<p>Firma VLK-project vznikla v roce 1992 jako fyzick\u00e1 podnikaj\u00edc\u00ed osoba. P\u016fvodn\u00ed zam\u011b\u0159en\u00ed bylo na v\u00fdrobu n\u00e1hradn\u00edch d\u00edl\u016f pro lesn\u00ed stroje a lanovky, kter\u00e9 byly vyrobeny tehdy zanikaj\u00edc\u00ed firmou St\u00e1tn\u00ed lesy podnik technick\u00e9ho rozvoje (SL PTR). S postupem \u010dasu jsme roz\u0161\u00ed\u0159ili [&hellip;]<\/p>\n","protected":false},"author":2,"featured_media":0,"parent":27,"menu_order":10,"comment_status":"closed","ping_status":"closed","template":"","meta":{"ngg_post_thumbnail":0,"footnotes":""},"class_list":["post-449","page","type-page","status-publish","hentry"],"_links":{"self":[{"href":"https:\/\/novy.vlkproject.cz\/index.php?rest_route=\/wp\/v2\/pages\/449","targetHints":{"allow":["GET"]}}],"collection":[{"href":"https:\/\/novy.vlkproject.cz\/index.php?rest_route=\/wp\/v2\/pages"}],"about":[{"href":"https:\/\/novy.vlkproject.cz\/index.php?rest_route=\/wp\/v2\/types\/page"}],"author":[{"embeddable":true,"href":"https:\/\/novy.vlkproject.cz\/index.php?rest_route=\/wp\/v2\/users\/2"}],"replies":[{"embeddable":true,"href":"https:\/\/novy.vlkproject.cz\/index.php?rest_route=%2Fwp%2Fv2%2Fcomments&post=449"}],"version-history":[{"count":6,"href":"https:\/\/novy.vlkproject.cz\/index.php?rest_route=\/wp\/v2\/pages\/449\/revisions"}],"predecessor-version":[{"id":602,"href":"https:\/\/novy.vlkproject.cz\/index.php?rest_route=\/wp\/v2\/pages\/449\/revisions\/602"}],"up":[{"embeddable":true,"href":"https:\/\/novy.vlkproject.cz\/index.php?rest_route=\/wp\/v2\/pages\/27"}],"wp:attachment":[{"href":"https:\/\/novy.vlkproject.cz\/index.php?rest_route=%2Fwp%2Fv2%2Fmedia&parent=449"}],"curies":[{"name":"wp","href":"https:\/\/api.w.org\/{rel}","templated":true}]}}