{"id":459,"date":"2022-05-20T09:32:21","date_gmt":"2022-05-20T07:32:21","guid":{"rendered":"http:\/\/novy.vlkproject.cz\/?page_id=459"},"modified":"2022-05-20T09:32:21","modified_gmt":"2022-05-20T07:32:21","slug":"zakladni-udaje","status":"publish","type":"page","link":"https:\/\/novy.vlkproject.cz\/?page_id=459","title":{"rendered":"Z\u00e1kladn\u00ed \u00fadaje"},"content":{"rendered":"<p><strong>Provozovatel webu:<\/strong><\/p>\n<p>PELI spol. s r.o.<br \/>\nKomensk\u00e9ho 477<br \/>\nCZ &#8211; 784 01 \u010cervenka<\/p>\n<p>I\u010c: 46578056<br \/>\nDI\u010c: CZ46578056<br \/>\nSpisov\u00e1 zna\u010dka: odd\u00edl C, vlo\u017eka 3401 veden\u00e1 u Krajsk\u00e9ho soudu v Ostrav\u011b<br \/>\nDatov\u00e1 schr\u00e1nka:&nbsp;b7ussjr<br \/>\nBankovn\u00ed \u00fa\u010det: 27-9721340217\/0100 KB Olomouc.&nbsp; Odkaz na MF \u010cR \u2013 spolehlivost pl\u00e1tce zde.<\/p>\n<p>e-mail: peli@peli.cz<br \/>\ntel.: +420 585 393 360, +420 585 393 354, +420 585 393 050<\/p>\n","protected":false},"excerpt":{"rendered":"<p>Provozovatel webu: PELI spol. s r.o. Komensk\u00e9ho 477 CZ &#8211; 784 01 \u010cervenka I\u010c: 46578056 DI\u010c: CZ46578056 Spisov\u00e1 zna\u010dka: odd\u00edl C, vlo\u017eka 3401 veden\u00e1 u Krajsk\u00e9ho soudu v Ostrav\u011b Datov\u00e1 schr\u00e1nka:&nbsp;b7ussjr Bankovn\u00ed \u00fa\u010det: 27-9721340217\/0100 KB Olomouc.&nbsp; Odkaz na MF \u010cR [&hellip;]<\/p>\n","protected":false},"author":2,"featured_media":0,"parent":27,"menu_order":0,"comment_status":"closed","ping_status":"closed","template":"","meta":{"ngg_post_thumbnail":0,"footnotes":""},"class_list":["post-459","page","type-page","status-publish","hentry"],"_links":{"self":[{"href":"https:\/\/novy.vlkproject.cz\/index.php?rest_route=\/wp\/v2\/pages\/459","targetHints":{"allow":["GET"]}}],"collection":[{"href":"https:\/\/novy.vlkproject.cz\/index.php?rest_route=\/wp\/v2\/pages"}],"about":[{"href":"https:\/\/novy.vlkproject.cz\/index.php?rest_route=\/wp\/v2\/types\/page"}],"author":[{"embeddable":true,"href":"https:\/\/novy.vlkproject.cz\/index.php?rest_route=\/wp\/v2\/users\/2"}],"replies":[{"embeddable":true,"href":"https:\/\/novy.vlkproject.cz\/index.php?rest_route=%2Fwp%2Fv2%2Fcomments&post=459"}],"version-history":[{"count":1,"href":"https:\/\/novy.vlkproject.cz\/index.php?rest_route=\/wp\/v2\/pages\/459\/revisions"}],"predecessor-version":[{"id":460,"href":"https:\/\/novy.vlkproject.cz\/index.php?rest_route=\/wp\/v2\/pages\/459\/revisions\/460"}],"up":[{"embeddable":true,"href":"https:\/\/novy.vlkproject.cz\/index.php?rest_route=\/wp\/v2\/pages\/27"}],"wp:attachment":[{"href":"https:\/\/novy.vlkproject.cz\/index.php?rest_route=%2Fwp%2Fv2%2Fmedia&parent=459"}],"curies":[{"name":"wp","href":"https:\/\/api.w.org\/{rel}","templated":true}]}}