{"id":50,"date":"2020-05-08T13:35:17","date_gmt":"2020-05-08T11:35:17","guid":{"rendered":"http:\/\/novy.vlkproject.cz\/?page_id=50"},"modified":"2020-05-11T14:42:32","modified_gmt":"2020-05-11T12:42:32","slug":"pudni-freza","status":"publish","type":"page","link":"https:\/\/novy.vlkproject.cz\/?page_id=50","title":{"rendered":"P\u016fdn\u00ed fr\u00e9zy"},"content":{"rendered":"\n<p>P\u016fdn\u00ed fr\u00e9za se vyr\u00e1b\u00ed v proveden\u00ed jednotal\u00ed\u0159ov\u00e1 nebo dvoutal\u00ed\u0159ov\u00e1.<\/p>\n\n\n\n<h2 class=\"wp-block-heading\"><a name=\"jpf\">Jednotal\u00ed\u0159ov\u00e1 p\u016fdn\u00ed fr\u00e9za<\/a><\/h2>\n\n\n\n<p>Popis a ur\u010den\u00ed<\/p>\n\n\n\n<p>Jednotal\u00ed\u0159ov\u00e1 p\u016fdn\u00ed fr\u00e9za je ur\u010dena k pruhov\u00e9, plo\u0161kov\u00e9, jamkov\u00e9 nebo z\u00e1hrobcov\u00e9 p\u0159\u00edprav\u011b p\u016fdy pro p\u0159irozenou, um\u011blou nebo kombinovanou obnovu lesa. Pou\u017eit\u00ed je mo\u017en\u00e9 na v\u0161ech ploch\u00e1ch sj\u00edzdn\u00fdch zem\u011bd\u011blsk\u00fdmi kolov\u00fdmi traktory.<br>Fr\u00e9zu je mo\u017en\u00e9 tak\u00e9 b\u011bhem 0,5 h p\u0159estav\u011bt na <a href=\"#njpf\">jednobubnov\u00fd navij\u00e1k<\/a> o ta\u017en\u00e9 s\u00edle 28 kN nebo 56kN s d\u00e9lkou lana 85 m o \u00d8 lana 11,2 mm. Ovl\u00e1d\u00e1n\u00ed kabelem nebo r\u00e1diov\u00fdm tla\u010d\u00edtkov\u00fdm ovlada\u010dem.<br>Jednotal\u00ed\u0159ov\u00e1 p\u016fdn\u00ed fr\u00e9za je p\u0159ipojov\u00e1na za t\u0159\u00edbodov\u00fd z\u00e1v\u011bs traktoru. Pohon fr\u00e9zovac\u00edho tal\u00ed\u0159e je mechanick\u00fd nebo hydraulick\u00fd.<br>V mechanick\u00e9m proveden\u00ed je jednotal\u00ed\u0159ov\u00e1 p\u016fdn\u00ed fr\u00e9za slo\u017eena z nosn\u00e9ho r\u00e1mu na kter\u00fd je zav\u011b\u0161ena p\u0159evodovka. Fr\u00e9zovac\u00ed tal\u00ed\u0159 je ku\u017eelov\u00e9ho tvaru a je na v\u00fdstupn\u00ed h\u0159\u00eddel p\u0159evodovky p\u0159ipojen pomoc\u00ed \u0161roub\u016f. Na vstupn\u00ed h\u0159\u00eddel p\u0159evodovky je nasazov\u00e1n kloubov\u00fd h\u0159\u00eddel opat\u0159en\u00fd spojkou, kter\u00fd slou\u017e\u00ed k p\u0159enosu krout\u00edc\u00edho momentu mezi traktorem a fr\u00e9zou.<br>V hydraulick\u00e9m proveden\u00ed je jednotal\u00ed\u0159ov\u00e1 p\u016fdn\u00ed fr\u00e9za poh\u00e1n\u011bna hydromotorem. Pohon hydromotoru je zaji\u0161\u0165ov\u00e1n z vn\u011bj\u0161\u00edch v\u00fdvod\u016f hydrauliky traktoru.<\/p>\n\n\n\n<p>Z\u00e1kladn\u00ed parametry<\/p>\n\n\n\n<p>V\u00fdkonov\u00e9 parametry &#8211; jsou odvisl\u00e9 od tvaru ter\u00e9nu, po\u010dtu a v\u00fd\u0161ce p\u0159ek\u00e1\u017eek. Hodinov\u00fd v\u00fdkon je cca 0,15 ha.<\/p>\n\n\n\n<p>Technick\u00e9 parametry:<\/p>\n\n\n\n<p>Hmotnost 280 kg<br>Rozm\u011bry d\u00e9lka 1 150 mm<br>\u0161\u00ed\u0159ka 1 040 mm<br>v\u00fd\u0161ka 1 150 mm<br>\u0160\u00ed\u0159ka z\u00e1b\u011brov\u00e9ho pruhu 600 mm<br>Hloubka jamky 200 mm<br>Svahov\u00e1 dostupnost<br>je d\u00e1na svahovou dostupnost\u00ed energetick\u00e9ho prost\u0159edku.<\/p>\n\n\n\n<h2 class=\"wp-block-heading\">P\u016fdn\u00ed fr\u00e9za dvoutal\u00ed\u0159ov\u00e1<\/h2>\n\n\n\n<p>Popis a ur\u010den\u00ed<\/p>\n\n\n\n<p>Dvoutal\u00ed\u0159ov\u00e1 p\u016fdn\u00ed fr\u00e9za je zav\u011b\u0161ov\u00e1na na p\u0159ibli\u017eovac\u00ed \u0161t\u00edt speci\u00e1ln\u00edho lesn\u00edho traktoru. Dod\u00e1vka hydraulick\u00e9ho oleje je zaji\u0161\u0165ov\u00e1na z hydraulick\u00e9ho syst\u00e9mu traktoru p\u0159es dopl\u0148kov\u00fd hydraulick\u00fd syst\u00e9m. Vzd\u00e1lenost vytvo\u0159en\u00fdch pruh\u016f je m\u011bniteln\u00e1 od jednoho do dvou metr\u016f. Standardn\u00ed vybaven\u00ed fr\u00e9zy je tal\u00ed\u0159 s deseti zuby. Na p\u0159\u00e1n\u00ed je mo\u017en\u00e9 dodat tal\u00ed\u0159 pro plo\u0161kovou nebo jamkovou p\u0159\u00edpravu p\u016fdy. Z\u00e1hrobcov\u00e1 p\u0159\u00edprava p\u016fdy je prov\u00e1d\u011bna standardn\u00edmi tal\u00ed\u0159i, p\u0159i jejich vz\u00e1jemn\u011b opa\u010dn\u00e9m sm\u011bru ot\u00e1\u010den\u00ed.<\/p>\n\n\n\n<p>Z\u00e1kladn\u00ed parametry<\/p>\n\n\n\n<p>V\u00fdkonov\u00e9 parametry &#8211; Jsou z\u00e1visl\u00e9 na ter\u00e9nn\u00edch podm\u00ednk\u00e1ch, tvaru a velikosti plochy. Pohybuj\u00ed se okolo 0,4 ha pruhov\u011b p\u0159ipraven\u00e9 plochy za hodinu.<\/p>\n\n\n\n<p>Technick\u00e9 parametry:<\/p>\n\n\n\n<p>Hmotnost<\/p>\n\n\n\n<p>730 kg<\/p>\n\n\n\n<p>Rozm\u011bry<\/p>\n\n\n\n<p>d\u00e9lka<\/p>\n\n\n\n<p>1 650 mm<\/p>\n\n\n\n<p>\u0161\u00ed\u0159ka<\/p>\n\n\n\n<p>2 450 mm<\/p>\n\n\n\n<p>v\u00fd\u0161ka<\/p>\n\n\n\n<p>950 mm<\/p>\n\n\n\n<p>\u0160\u00ed\u0159ka pruhu s odstran\u011bnou bu\u0159en\u00ed<\/p>\n\n\n\n<p>500 mm<\/p>\n\n\n\n<p>\u010cas pot\u0159ebn\u00fd pro mont\u00e1\u017e stroje na LKT<\/p>\n\n\n\n<p>0,5 hodiny<\/p>\n\n\n\n<p>\u010cas pot\u0159ebn\u00fd pro demont\u00e1\u017e stroje z LKT<\/p>\n\n\n\n<p>0,5 hodiny<\/p>\n\n\n\n<p>Obsluha<\/p>\n\n\n\n<p>1 &#8211; \u0159idi\u010d traktoru<\/p>\n\n\n\n<p>Svahov\u00e1 dostupnost<\/p>\n\n\n\n<p>je d\u00e1na svahovou dostupnost\u00ed energetick\u00e9ho prost\u0159edku.<\/p>\n\n\n\n<h2 class=\"wp-block-heading\"><a name=\"njpf\">Navij\u00e1kov\u00e1 n\u00e1stavba k jednotal\u00ed\u0159ov\u00e9 p\u016fdn\u00ed fr\u00e9ze<\/a><\/h2>\n\n\n\n<p>Popis a ur\u010den\u00ed<\/p>\n\n\n\n<p>Tato n\u00e1stavba umo\u017e\u0148uje zm\u011bnit<a href=\"#jpf\"> jednotal\u00ed\u0159ovou p\u016fdn\u00ed fr\u00e9zu<\/a>, kter\u00e1 slou\u017e\u00ed k p\u0159\u00edprav\u011b p\u016fdy, na jednobubnov\u00fd navij\u00e1k, kter\u00fd umo\u017e\u0148uje prov\u00e1d\u011bt v\u0161echny operace p\u0159i soust\u0159e\u010fov\u00e1n\u00ed d\u0159\u00edv\u00ed, tj. vyklizov\u00e1n\u00ed, sestaven\u00ed n\u00e1kladu, p\u0159ibli\u017eov\u00e1n\u00ed a ukl\u00e1d\u00e1n\u00ed d\u0159\u00edv\u00ed na skl\u00e1dky. Adaptovan\u00e1 n\u00e1stavba na jednotal\u00ed\u0159ovou p\u016fdn\u00ed fr\u00e9zu je agregovateln\u00e1 na v\u0161echny typy traktor\u016f, kter\u00e9 jsou vybaveny t\u0159\u00edbodov\u00fdm z\u00e1v\u011bsem a rychlospojkami pro vn\u011bj\u0161\u00ed v\u00fdvody hydrauliky traktoru.<\/p>\n\n\n\n<p>Z\u00e1kladn\u00ed parametry<\/p>\n\n\n\n<p>V\u00fdkonov\u00e9 parametry &#8211; jsou odvisl\u00e9 od tvaru ter\u00e9nu, po\u010dtu a v\u00fd\u0161ce p\u0159ek\u00e1\u017eek. Hodinov\u00fd v\u00fdkon je cca 0,15 ha.<\/p>\n\n\n\n<p>Technick\u00e9 parametry:<\/p>\n\n\n\n<p>Hmotnost celkov\u00e1<\/p>\n\n\n\n<p>290 kg<\/p>\n\n\n\n<p>Rozm\u011bry<\/p>\n\n\n\n<p>d\u00e9lka<\/p>\n\n\n\n<p>930 mm<\/p>\n\n\n\n<p>v\u00fd\u0161ka<\/p>\n\n\n\n<p>1 240 mm<\/p>\n\n\n\n<p>\u0161\u00ed\u0159ka<\/p>\n\n\n\n<p>1 000 mm<\/p>\n\n\n\n<p>Kapacita bubnu navij\u00e1ku<\/p>\n\n\n\n<p>65 m<\/p>\n\n\n\n<p>Pr\u016fm\u011br lana<\/p>\n\n\n\n<p>10 mm<\/p>\n\n\n\n<p>Rychlost nav\u00edjen\u00ed<\/p>\n\n\n\n<p>0,30 &#8211; 1,2 ms-1<\/p>\n\n\n\n<p>Ta\u017en\u00e1 s\u00edla<\/p>\n\n\n\n<p>28 &#8211; 56 kN<\/p>\n","protected":false},"excerpt":{"rendered":"<p>P\u016fdn\u00ed fr\u00e9za se vyr\u00e1b\u00ed v proveden\u00ed jednotal\u00ed\u0159ov\u00e1 nebo dvoutal\u00ed\u0159ov\u00e1. Jednotal\u00ed\u0159ov\u00e1 p\u016fdn\u00ed fr\u00e9za Popis a ur\u010den\u00ed Jednotal\u00ed\u0159ov\u00e1 p\u016fdn\u00ed fr\u00e9za je ur\u010dena k pruhov\u00e9, plo\u0161kov\u00e9, jamkov\u00e9 nebo z\u00e1hrobcov\u00e9 p\u0159\u00edprav\u011b p\u016fdy pro p\u0159irozenou, um\u011blou nebo kombinovanou obnovu lesa. Pou\u017eit\u00ed je mo\u017en\u00e9 na v\u0161ech [&hellip;]<\/p>\n","protected":false},"author":2,"featured_media":0,"parent":34,"menu_order":0,"comment_status":"closed","ping_status":"closed","template":"","meta":{"ngg_post_thumbnail":0,"footnotes":""},"class_list":["post-50","page","type-page","status-publish","hentry"],"_links":{"self":[{"href":"https:\/\/novy.vlkproject.cz\/index.php?rest_route=\/wp\/v2\/pages\/50","targetHints":{"allow":["GET"]}}],"collection":[{"href":"https:\/\/novy.vlkproject.cz\/index.php?rest_route=\/wp\/v2\/pages"}],"about":[{"href":"https:\/\/novy.vlkproject.cz\/index.php?rest_route=\/wp\/v2\/types\/page"}],"author":[{"embeddable":true,"href":"https:\/\/novy.vlkproject.cz\/index.php?rest_route=\/wp\/v2\/users\/2"}],"replies":[{"embeddable":true,"href":"https:\/\/novy.vlkproject.cz\/index.php?rest_route=%2Fwp%2Fv2%2Fcomments&post=50"}],"version-history":[{"count":5,"href":"https:\/\/novy.vlkproject.cz\/index.php?rest_route=\/wp\/v2\/pages\/50\/revisions"}],"predecessor-version":[{"id":85,"href":"https:\/\/novy.vlkproject.cz\/index.php?rest_route=\/wp\/v2\/pages\/50\/revisions\/85"}],"up":[{"embeddable":true,"href":"https:\/\/novy.vlkproject.cz\/index.php?rest_route=\/wp\/v2\/pages\/34"}],"wp:attachment":[{"href":"https:\/\/novy.vlkproject.cz\/index.php?rest_route=%2Fwp%2Fv2%2Fmedia&parent=50"}],"curies":[{"name":"wp","href":"https:\/\/api.w.org\/{rel}","templated":true}]}}