{"id":54,"date":"2020-05-11T09:46:16","date_gmt":"2020-05-11T07:46:16","guid":{"rendered":"http:\/\/novy.vlkproject.cz\/?page_id=54"},"modified":"2022-09-07T11:27:42","modified_gmt":"2022-09-07T09:27:42","slug":"bazar-stroju","status":"publish","type":"page","link":"https:\/\/novy.vlkproject.cz\/?page_id=54","title":{"rendered":"Bazar stroj\u016f"},"content":{"rendered":"\r\n<p>Bazar lesn\u00ed techniky<\/p>\r\n\r\n\r\n\r\n<p>Nab\u00edz\u00edme zprost\u0159edkov\u00e1n\u00ed prodeje nebo p\u0159\u00edm\u00fd odkup (jen u vybran\u00fdch) lesn\u00edch stroj\u016f.<\/p>\r\n\r\n\r\n\r\n<p>M\u00e1te-li z\u00e1jem o bli\u017e\u0161\u00ed informace nebo o koupi stroje uveden\u00e9ho v nab\u00eddce, kontaktujte n\u00e1s bu\u010f na telefonu nebo prost\u0159ednictv\u00edm kontaktn\u00edho formul\u00e1\u0159e.<\/p>\r\n\r\n\r\n\r\n<table style=\"border-collapse: collapse; width: 100%;\">\r\n<tbody>\r\n<tr>\r\n<td style=\"width: 33.3333%;\">Lesn\u00ed stroj<\/td>\r\n<td style=\"width: 33.3333%;\">technick\u00fd stav<\/td>\r\n<td style=\"width: 33.3333%;\">Cena v K\u010d bez DPH<\/td>\r\n<\/tr>\r\n<tr>\r\n<td style=\"width: 33.3333%;\">Aktu\u00e1ln\u011b je bazar stroj\u016f pozastaven<\/td>\r\n<td style=\"width: 33.3333%;\">&nbsp;<\/td>\r\n<td style=\"width: 33.3333%;\">&nbsp;<\/td>\r\n<\/tr>\r\n<\/tbody>\r\n<\/table>\r\n\r\n\r\n\r\n<p><br>Takt\u00e9\u017e n\u00e1s kontaktujte nez\u00e1vazn\u011b i v p\u0159\u00edpad\u011b popt\u00e1vky stroje, kter\u00fd jste na na\u0161ich str\u00e1nk\u00e1ch nenalezli. Stroj se pokus\u00edme zajistit nebo zjistit, kde je mo\u017en\u00e9 jej z\u00edskat.<\/p>\r\n\r\n\r\n\r\n<p>Tak\u00e9 v p\u0159\u00edpad\u011b z\u00e1jmu o prodej stroje na t\u011bchto str\u00e1nk\u00e1ch n\u00e1s kontaktujte.<\/p>\r\n","protected":false},"excerpt":{"rendered":"<p>Bazar lesn\u00ed techniky Nab\u00edz\u00edme zprost\u0159edkov\u00e1n\u00ed prodeje nebo p\u0159\u00edm\u00fd odkup (jen u vybran\u00fdch) lesn\u00edch stroj\u016f. M\u00e1te-li z\u00e1jem o bli\u017e\u0161\u00ed informace nebo o koupi stroje uveden\u00e9ho v nab\u00eddce, kontaktujte n\u00e1s bu\u010f na telefonu nebo prost\u0159ednictv\u00edm kontaktn\u00edho formul\u00e1\u0159e. Lesn\u00ed stroj technick\u00fd stav Cena [&hellip;]<\/p>\n","protected":false},"author":2,"featured_media":0,"parent":0,"menu_order":50,"comment_status":"closed","ping_status":"closed","template":"","meta":{"ngg_post_thumbnail":0,"footnotes":""},"class_list":["post-54","page","type-page","status-publish","hentry"],"_links":{"self":[{"href":"https:\/\/novy.vlkproject.cz\/index.php?rest_route=\/wp\/v2\/pages\/54","targetHints":{"allow":["GET"]}}],"collection":[{"href":"https:\/\/novy.vlkproject.cz\/index.php?rest_route=\/wp\/v2\/pages"}],"about":[{"href":"https:\/\/novy.vlkproject.cz\/index.php?rest_route=\/wp\/v2\/types\/page"}],"author":[{"embeddable":true,"href":"https:\/\/novy.vlkproject.cz\/index.php?rest_route=\/wp\/v2\/users\/2"}],"replies":[{"embeddable":true,"href":"https:\/\/novy.vlkproject.cz\/index.php?rest_route=%2Fwp%2Fv2%2Fcomments&post=54"}],"version-history":[{"count":5,"href":"https:\/\/novy.vlkproject.cz\/index.php?rest_route=\/wp\/v2\/pages\/54\/revisions"}],"predecessor-version":[{"id":464,"href":"https:\/\/novy.vlkproject.cz\/index.php?rest_route=\/wp\/v2\/pages\/54\/revisions\/464"}],"wp:attachment":[{"href":"https:\/\/novy.vlkproject.cz\/index.php?rest_route=%2Fwp%2Fv2%2Fmedia&parent=54"}],"curies":[{"name":"wp","href":"https:\/\/api.w.org\/{rel}","templated":true}]}}