{"id":56,"date":"2020-05-11T09:50:00","date_gmt":"2020-05-11T07:50:00","guid":{"rendered":"http:\/\/novy.vlkproject.cz\/?page_id=56"},"modified":"2022-09-07T11:22:30","modified_gmt":"2022-09-07T09:22:30","slug":"kontakt","status":"publish","type":"page","link":"https:\/\/novy.vlkproject.cz\/?page_id=56","title":{"rendered":"Kontakt"},"content":{"rendered":"\r\n<p>Identifika\u010dn\u00ed \u00fadaje<\/p>\r\n<p>PELI spol. s r.o.<br>Komensk\u00e9ho 477<br>CZ &#8211; 784 01 \u010cervenka<\/p>\r\n\r\n\r\n\r\n\r\n\r\n<p>GPS: N 49.7197\u00b0 E 017.0894\u00b0<br>Telefon, e-mail:<br>Telefon: +420 585 393 360, +420 585 393 354<br>Mobil: +420 602 726 108<br>E-mail: vlkproject@vlkproject.cz<\/p>\r\n\r\n\r\n<hr class=\"wp-block-separator\">\r\n\r\n\r\n<h2 class=\"wp-block-heading\"><strong>Kontaktn\u00ed formul\u00e1\u0159<\/strong><\/h2>\r\n\r\n\r\n<div class=\"everest-forms\"><div class=\"evf-container default\" id=\"evf-61\"><form id=\"evf-form-61\" class=\"everest-form\" data-formid=\"61\" data-ajax_submission=\"1\" data-keyboard_friendly_form=\"0\" data-form_state_type=\"\" method=\"post\" enctype=\"multipart\/form-data\" action=\"\/index.php?rest_route=%2Fwp%2Fv2%2Fpages%2F56\"><div class=\"evf-field-container\"><input type=\"hidden\" id=\"_wpnonce61\" name=\"_wpnonce61\" value=\"0b4cdf6c0c\" \/><input type=\"hidden\" name=\"_wp_http_referer\" value=\"\/index.php?rest_route=%2Fwp%2Fv2%2Fpages%2F56\" \/><div class=\"evf-frontend-row\" data-row=\"row_1\" conditional_rules=\"[]\"><div class=\"evf-frontend-grid evf-grid-1\" data-grid=\"grid_1\"><div id=\"evf-61-field_ys0GeZISRs-1-container\" class=\"evf-field evf-field-first-name form-row validate-required\" data-required-field-message=\"This field is required.\" data-field-id=\"ys0GeZISRs-1\"><label class=\"evf-field-label\" for=\"evf-61-field_ys0GeZISRs-1\"><span class=\"evf-label\">Jm\u00e9no<\/span> <abbr class=\"required\" title=\"Required\">*<\/abbr><\/label><input type=\"text\" id=\"evf-61-field_ys0GeZISRs-1\" class=\"input-text\" name=\"everest_forms[form_fields][ys0GeZISRs-1]\" required><\/div><div id=\"evf-61-field_LbH5NxasXM-2-container\" class=\"evf-field evf-field-email form-row validate-required validate-email\" data-required-field-message=\"Please enter a valid email address.\" data-field-id=\"LbH5NxasXM-2\"><label class=\"evf-field-label\" for=\"evf-61-field_LbH5NxasXM-2\"><span class=\"evf-label\">Email<\/span> <abbr class=\"required\" title=\"Required\">*<\/abbr><\/label><input type=\"email\" id=\"evf-61-field_LbH5NxasXM-2\" class=\"input-text\" name=\"everest_forms[form_fields][LbH5NxasXM-2]\" required ><\/div><div id=\"evf-61-field_66FR384cge-3-container\" class=\"evf-field evf-field-text form-row\" data-field-id=\"66FR384cge-3\"><label class=\"evf-field-label\" for=\"evf-61-field_66FR384cge-3\"><span class=\"evf-label\">P\u0159edm\u011bt<\/span> <\/label><input type=\"text\" id=\"evf-61-field_66FR384cge-3\" class=\"input-text\" name=\"everest_forms[form_fields][66FR384cge-3]\" ><\/div><div id=\"evf-61-field_yhGx3FOwr2-4-container\" class=\"evf-field evf-field-textarea form-row validate-required\" data-required-field-message=\"This field is required.\" data-field-id=\"yhGx3FOwr2-4\"><label class=\"evf-field-label\" for=\"evf-61-field_yhGx3FOwr2-4\"><span class=\"evf-label\">Zpr\u00e1va<\/span> <abbr class=\"required\" title=\"Required\">*<\/abbr><\/label><textarea id=\"evf-61-field_yhGx3FOwr2-4\" class=\"input-text\" name=\"everest_forms[form_fields][yhGx3FOwr2-4]\" required ><\/textarea><\/div><\/div><\/div><\/div><div class=\"evf-honeypot-container evf-field-hp\"><label for=\"evf-61-field-hp\" class=\"evf-field-label\">Comment<\/label><input type=\"text\" name=\"everest_forms[hp]\" id=\"evf-61-field-hp\" class=\"input-text\"><\/div><div class=\"evf-submit-container \" ><input type=\"hidden\" name=\"everest_forms[id]\" value=\"61\"><input type=\"hidden\" name=\"everest_forms[author]\" value=\"2\"><button type='submit' name='everest_forms[submit]' class='everest-forms-submit-button button evf-submit ' id='evf-submit-61' value='evf-submit' data-process-text=\"Odes\u00edl\u00e1m ...\" conditional_rules='&quot;&quot;' conditional_id='evf-submit-61'  id=\"evf-submit-61\" aria-live=\"assertive\">Odeslat<\/button><\/div><\/form><\/div><!-- .evf-container --><\/div>","protected":false},"excerpt":{"rendered":"<p>Identifika\u010dn\u00ed \u00fadaje PELI spol. s r.o.Komensk\u00e9ho 477CZ &#8211; 784 01 \u010cervenka GPS: N 49.7197\u00b0 E 017.0894\u00b0Telefon, e-mail:Telefon: +420 585 393 360, +420 585 393 354Mobil: +420 602 726 108E-mail: vlkproject@vlkproject.cz Kontaktn\u00ed formul\u00e1\u0159<\/p>\n","protected":false},"author":2,"featured_media":0,"parent":0,"menu_order":60,"comment_status":"closed","ping_status":"closed","template":"","meta":{"ngg_post_thumbnail":0,"footnotes":""},"class_list":["post-56","page","type-page","status-publish","hentry"],"_links":{"self":[{"href":"https:\/\/novy.vlkproject.cz\/index.php?rest_route=\/wp\/v2\/pages\/56","targetHints":{"allow":["GET"]}}],"collection":[{"href":"https:\/\/novy.vlkproject.cz\/index.php?rest_route=\/wp\/v2\/pages"}],"about":[{"href":"https:\/\/novy.vlkproject.cz\/index.php?rest_route=\/wp\/v2\/types\/page"}],"author":[{"embeddable":true,"href":"https:\/\/novy.vlkproject.cz\/index.php?rest_route=\/wp\/v2\/users\/2"}],"replies":[{"embeddable":true,"href":"https:\/\/novy.vlkproject.cz\/index.php?rest_route=%2Fwp%2Fv2%2Fcomments&post=56"}],"version-history":[{"count":8,"href":"https:\/\/novy.vlkproject.cz\/index.php?rest_route=\/wp\/v2\/pages\/56\/revisions"}],"predecessor-version":[{"id":463,"href":"https:\/\/novy.vlkproject.cz\/index.php?rest_route=\/wp\/v2\/pages\/56\/revisions\/463"}],"wp:attachment":[{"href":"https:\/\/novy.vlkproject.cz\/index.php?rest_route=%2Fwp%2Fv2%2Fmedia&parent=56"}],"curies":[{"name":"wp","href":"https:\/\/api.w.org\/{rel}","templated":true}]}}