{"id":562,"date":"2024-03-12T13:47:27","date_gmt":"2024-03-12T12:47:27","guid":{"rendered":"https:\/\/novy.vlkproject.cz\/?page_id=562"},"modified":"2024-03-12T13:47:27","modified_gmt":"2024-03-12T12:47:27","slug":"vlu-5","status":"publish","type":"page","link":"https:\/\/novy.vlkproject.cz\/?page_id=562","title":{"rendered":"VLU-5"},"content":{"rendered":"<p>Lanovka VLU-5 je ur\u010dena k doprav\u011b kmen\u016f a strom\u016f z nep\u0159\u00edstupn\u00fdch ter\u00e9n\u016f v poloz\u00e1v\u011bsu po svahu, proti svahu a po rovin\u011b. Doprava b\u0159emen se prov\u00e1d\u00ed lanovou ko\u010dkou, kter\u00e1 poj\u00ed\u017ed\u00ed po zakotven\u00e9m nosn\u00e9m lanu pomoc\u00ed ta\u017en\u00e9ho a vratn\u00e9ho lana navij\u00e1ku DON 3.2. Navij\u00e1k je poh\u00e1n\u011bn od v\u00fdvodov\u00e9ho h\u0159\u00eddele traktoru v\u00fdkonn\u00e9 \u0159ady 45 kW kloubov\u00fdm h\u0159\u00eddelem. P\u0159\u00edslu\u0161enstv\u00ed lanov\u00e9ho syst\u00e9mu je na m\u00edsto mont\u00e1\u017ee p\u0159epravov\u00e1no v p\u0159\u00edv\u011bsu PPL 2. Nosn\u00e9, z\u00e1lo\u017en\u00ed a mont\u00e1\u017en\u00ed lana jsou navinuta na bubnech mont\u00e1\u017en\u00edho p\u0159\u00edv\u011bsu PML 1.<\/p>\n<p>Hlavn\u00ed \u010d\u00e1sti lanovky:<br \/>\n\u00b7 lanov\u00fd syst\u00e9m + p\u0159\u00edslu\u0161enstv\u00ed<br \/>\n\u00b7 navij\u00e1k DON 3.2<br \/>\n\u00b7 p\u0159\u00edv\u011bs pro mont\u00e1\u017e Ianovky PML 1<br \/>\n\u00b7 p\u0159\u00edv\u011bs pro p\u0159epravu Ianovky PPL 2<\/p>\n<p>Dal\u0161\u00ed p\u0159\u00edslu\u0161enstv\u00ed k lanovk\u00e1m<\/p>\n<p>Technick\u00e9 parametry:<\/p>\n<table class=\"tabulka\" style=\"width: 76.5262%;\" border=\"0\" width=\"76.5262%\" cellspacing=\"0\" cellpadding=\"0\">\n<tbody>\n<tr>\n<td class=\"tabulkazahl\" style=\"width: 58.533%;\" colspan=\"2\" width=\"60%\">Maxim\u00e1ln\u00ed dosah<\/td>\n<td class=\"tabulkatext\" style=\"width: 17.9951%;\" width=\"40%\">500 m<\/td>\n<\/tr>\n<tr>\n<td class=\"tabulkazahl\" style=\"width: 58.533%;\" colspan=\"2\" width=\"60%\">Nosnost<\/td>\n<td class=\"tabulkatext\" style=\"width: 17.9951%;\" width=\"40%\">1 500 kg<\/td>\n<\/tr>\n<tr>\n<td class=\"tabulkazahl\" style=\"width: 24.0098%;\" rowspan=\"2\" width=\"30%\">Ta\u017en\u00e1 s\u00edla p\u0159i maxim\u00e1ln\u00edch ot\u00e1\u010dk\u00e1ch<\/td>\n<td class=\"tabulkazahl\" style=\"width: 34.5232%;\" width=\"30%\">na ta\u017en\u00e9m bubnu, p\u0159i rychlosti 1,23&nbsp;<sup>m<\/sup>\/<sub>s<\/sub><\/td>\n<td class=\"tabulkatext\" style=\"width: 17.9951%;\" width=\"40%\">3 t \/ 30 kN<\/td>\n<\/tr>\n<tr>\n<td class=\"tabulkazahl\" style=\"width: 34.5232%;\" width=\"30%\">na vratn\u00e9m bubnu, p\u0159i rychlosti 1,84&nbsp;<sup>m<\/sup>\/<sub>s<\/sub><\/td>\n<td class=\"tabulkatext\" style=\"width: 17.9951%;\" width=\"40%\">2 t \/ 20 kN<\/td>\n<\/tr>\n<tr>\n<td class=\"tabulkazahl\" style=\"width: 24.0098%;\" rowspan=\"3\" width=\"30%\">Rozm\u011bry navij\u00e1ku DON&nbsp;3.2<\/td>\n<td class=\"tabulkazahl\" style=\"width: 34.5232%;\" width=\"30%\">d\u00e9lka<\/td>\n<td class=\"tabulkatext\" style=\"width: 17.9951%;\" width=\"40%\">2 816 mm<\/td>\n<\/tr>\n<tr>\n<td class=\"tabulkazahl\" style=\"width: 34.5232%;\" width=\"30%\">\u0161\u00ed\u0159ka<\/td>\n<td class=\"tabulkatext\" style=\"width: 17.9951%;\" width=\"40%\">1 461 mm<\/td>\n<\/tr>\n<tr>\n<td class=\"tabulkazahl\" style=\"width: 34.5232%;\" width=\"30%\">v\u00fd\u0161ka<\/td>\n<td class=\"tabulkatext\" style=\"width: 17.9951%;\" width=\"40%\">1 300 mm<\/td>\n<\/tr>\n<tr>\n<td class=\"tabulkazahl\" style=\"width: 58.533%;\" colspan=\"2\" width=\"60%\">Hmotnost DON&nbsp;3.2<\/td>\n<td class=\"tabulkatext\" style=\"width: 17.9951%;\" width=\"40%\">2 202 kg<\/td>\n<\/tr>\n<tr>\n<td class=\"tabulkazahl\" style=\"width: 24.0098%;\" rowspan=\"3\" width=\"30%\">Rozm\u011bry p\u0159\u00edv\u011bsu PML&nbsp;1<\/td>\n<td class=\"tabulkazahl\" style=\"width: 34.5232%;\" width=\"30%\">d\u00e9lka<\/td>\n<td class=\"tabulkatext\" style=\"width: 17.9951%;\" width=\"40%\">3 600 mm<\/td>\n<\/tr>\n<tr>\n<td class=\"tabulkazahl\" style=\"width: 34.5232%;\" width=\"30%\">\u0161\u00ed\u0159ka<\/td>\n<td class=\"tabulkatext\" style=\"width: 17.9951%;\" width=\"40%\">1 900 mm<\/td>\n<\/tr>\n<tr>\n<td class=\"tabulkazahl\" style=\"width: 34.5232%;\" width=\"30%\">v\u00fd\u0161ka<\/td>\n<td class=\"tabulkatext\" style=\"width: 17.9951%;\" width=\"40%\">1 745 mm<\/td>\n<\/tr>\n<tr>\n<td class=\"tabulkazahl\" style=\"width: 58.533%;\" colspan=\"2\" width=\"60%\">Hmotnost PML&nbsp;1<\/td>\n<td class=\"tabulkatext\" style=\"width: 17.9951%;\" width=\"40%\">2 020 kg<\/td>\n<\/tr>\n<tr>\n<td class=\"tabulkazahl\" style=\"width: 24.0098%;\" rowspan=\"3\" width=\"30%\">Rozm\u011bry p\u0159\u00edv\u011bsu PPL&nbsp;2<\/td>\n<td class=\"tabulkazahl\" style=\"width: 34.5232%;\" width=\"30%\">d\u00e9lka<\/td>\n<td class=\"tabulkatext\" style=\"width: 17.9951%;\" width=\"40%\">3 380 mm<\/td>\n<\/tr>\n<tr>\n<td class=\"tabulkazahl\" style=\"width: 34.5232%;\" width=\"30%\">\u0161\u00ed\u0159ka<\/td>\n<td class=\"tabulkatext\" style=\"width: 17.9951%;\" width=\"40%\">1 900 mm<\/td>\n<\/tr>\n<tr>\n<td class=\"tabulkazahl\" style=\"width: 34.5232%;\" width=\"30%\">v\u00fd\u0161ka<\/td>\n<td class=\"tabulkatext\" style=\"width: 17.9951%;\" width=\"40%\">1 465 mm<\/td>\n<\/tr>\n<tr>\n<td class=\"tabulkazahl\" style=\"width: 58.533%;\" colspan=\"2\" width=\"60%\">Hmotnost PPL&nbsp;2<\/td>\n<td class=\"tabulkatext\" style=\"width: 17.9951%;\" width=\"40%\">820 kg<\/td>\n<\/tr>\n<\/tbody>\n<\/table>\n","protected":false},"excerpt":{"rendered":"<p>Lanovka VLU-5 je ur\u010dena k doprav\u011b kmen\u016f a strom\u016f z nep\u0159\u00edstupn\u00fdch ter\u00e9n\u016f v poloz\u00e1v\u011bsu po svahu, proti svahu a po rovin\u011b. Doprava b\u0159emen se prov\u00e1d\u00ed lanovou ko\u010dkou, kter\u00e1 poj\u00ed\u017ed\u00ed po zakotven\u00e9m nosn\u00e9m lanu pomoc\u00ed ta\u017en\u00e9ho a vratn\u00e9ho lana navij\u00e1ku DON [&hellip;]<\/p>\n","protected":false},"author":2,"featured_media":0,"parent":253,"menu_order":10,"comment_status":"closed","ping_status":"closed","template":"","meta":{"ngg_post_thumbnail":0,"footnotes":""},"class_list":["post-562","page","type-page","status-publish","hentry"],"_links":{"self":[{"href":"https:\/\/novy.vlkproject.cz\/index.php?rest_route=\/wp\/v2\/pages\/562","targetHints":{"allow":["GET"]}}],"collection":[{"href":"https:\/\/novy.vlkproject.cz\/index.php?rest_route=\/wp\/v2\/pages"}],"about":[{"href":"https:\/\/novy.vlkproject.cz\/index.php?rest_route=\/wp\/v2\/types\/page"}],"author":[{"embeddable":true,"href":"https:\/\/novy.vlkproject.cz\/index.php?rest_route=\/wp\/v2\/users\/2"}],"replies":[{"embeddable":true,"href":"https:\/\/novy.vlkproject.cz\/index.php?rest_route=%2Fwp%2Fv2%2Fcomments&post=562"}],"version-history":[{"count":1,"href":"https:\/\/novy.vlkproject.cz\/index.php?rest_route=\/wp\/v2\/pages\/562\/revisions"}],"predecessor-version":[{"id":563,"href":"https:\/\/novy.vlkproject.cz\/index.php?rest_route=\/wp\/v2\/pages\/562\/revisions\/563"}],"up":[{"embeddable":true,"href":"https:\/\/novy.vlkproject.cz\/index.php?rest_route=\/wp\/v2\/pages\/253"}],"wp:attachment":[{"href":"https:\/\/novy.vlkproject.cz\/index.php?rest_route=%2Fwp%2Fv2%2Fmedia&parent=562"}],"curies":[{"name":"wp","href":"https:\/\/api.w.org\/{rel}","templated":true}]}}