{"id":566,"date":"2024-03-12T14:25:54","date_gmt":"2024-03-12T13:25:54","guid":{"rendered":"https:\/\/novy.vlkproject.cz\/?page_id=566"},"modified":"2024-03-12T14:25:54","modified_gmt":"2024-03-12T13:25:54","slug":"lanovy-system-k-dtn-4","status":"publish","type":"page","link":"https:\/\/novy.vlkproject.cz\/?page_id=566","title":{"rendered":"Lanov\u00fd syst\u00e9m k DTN-4"},"content":{"rendered":"<p>Lanov\u00fd syst\u00e9m k navij\u00e1ku DTN 4 ve spojen\u00ed s traktorem je ur\u010den pro vybudov\u00e1n\u00ed jednoduch\u00e9 lanov\u00e9 dr\u00e1hy. Touto lanovou dr\u00e1hou je soust\u0159e\u010fov\u00e1no d\u0159\u00edv\u00ed z ter\u00e9n\u016f nesj\u00edzdn\u00fdch pro traktor, tj. z kr\u00e1tk\u00fdch a p\u0159\u00edkr\u00fdch str\u00e1n\u00ed o sklonu v\u011bt\u0161\u00edm ne\u017e 30% nebo ne\u00fanosn\u00fdch \u010di jinak nesj\u00edzdn\u00fdch ter\u00e9n\u016f.<\/p>\n<div>Technick\u00e9 parametry:<\/div>\n<div>\n<table style=\"border-collapse: collapse; width: 100%;\">\n<tbody>\n<tr>\n<td style=\"width: 50%;\">V\u00fd\u0161ka v\u011b\u017ei\u010dky<\/td>\n<td style=\"width: 50%;\">2 035 mm<\/td>\n<\/tr>\n<tr>\n<td style=\"width: 50%;\">\u0160\u00ed\u0159ka v\u011b\u017ei\u010dky<\/td>\n<td style=\"width: 50%;\">710 mm<\/td>\n<\/tr>\n<tr>\n<td style=\"width: 50%;\">V\u00fd\u0161ka namontovan\u00e9 v\u011b\u017ei\u010dky<\/td>\n<td style=\"width: 50%;\">3 000 \u2013 3 500 mm (<span style=\"font-family: inherit; font-size: inherit;\">dle typu \u0161t\u00edtu)<\/span><\/td>\n<\/tr>\n<tr>\n<td style=\"width: 50%;\">\u00d8 kotevn\u00edch lan<\/td>\n<td style=\"width: 50%;\">11,2 mm<\/td>\n<\/tr>\n<tr>\n<td style=\"width: 50%;\">D\u00e9lka kotevn\u00edch lan<\/td>\n<td style=\"width: 50%;\">30 m<\/td>\n<\/tr>\n<tr>\n<td style=\"width: 50%;\">\u00d8 ta\u017en\u00e9ho lana<\/td>\n<td style=\"width: 50%;\">11,2 mm<\/td>\n<\/tr>\n<tr>\n<td style=\"width: 50%;\">D\u00e9lka ta\u017en\u00e9ho lana<\/td>\n<td style=\"width: 50%;\">130 m (200 m)<sup>1<\/sup><\/td>\n<\/tr>\n<tr>\n<td style=\"width: 50%;\">\u00d8 vratn\u00e9ho lana&nbsp;<\/td>\n<td style=\"width: 50%;\">10 mm<\/td>\n<\/tr>\n<tr>\n<td style=\"width: 50%;\">D\u00e9lka vratn\u00e9ho lana&nbsp;<\/td>\n<td style=\"width: 50%;\">200 m (300 m)<sup>1<\/sup><\/td>\n<\/tr>\n<tr>\n<td style=\"width: 50%;\">Maxim\u00e1ln\u00ed dosah ta\u017en\u00e9ho lana do boku od vratn\u00e9ho lana<\/td>\n<td style=\"width: 50%;\">20 m<\/td>\n<\/tr>\n<tr>\n<td style=\"width: 50%;\">Dosah lanov\u00e9ho syst\u00e9mu<\/td>\n<td style=\"width: 50%;\">100 m (150 m)<sup>1<\/sup><\/td>\n<\/tr>\n<tr>\n<td style=\"width: 50%;\">Dovolen\u00e9 zat\u00ed\u017een\u00ed lana navij\u00e1ku<\/td>\n<td style=\"width: 50%;\">39,2 kN (30 kN)<sup>1<\/sup><\/td>\n<\/tr>\n<\/tbody>\n<\/table>\n<p><sup>1) <\/sup>za zvl\u00e1\u0161tn\u00edch podm\u00ednek&nbsp;<\/p>\n<\/div>\n","protected":false},"excerpt":{"rendered":"<p>Lanov\u00fd syst\u00e9m k navij\u00e1ku DTN 4 ve spojen\u00ed s traktorem je ur\u010den pro vybudov\u00e1n\u00ed jednoduch\u00e9 lanov\u00e9 dr\u00e1hy. Touto lanovou dr\u00e1hou je soust\u0159e\u010fov\u00e1no d\u0159\u00edv\u00ed z ter\u00e9n\u016f nesj\u00edzdn\u00fdch pro traktor, tj. z kr\u00e1tk\u00fdch a p\u0159\u00edkr\u00fdch str\u00e1n\u00ed o sklonu v\u011bt\u0161\u00edm ne\u017e 30% nebo [&hellip;]<\/p>\n","protected":false},"author":2,"featured_media":0,"parent":253,"menu_order":30,"comment_status":"closed","ping_status":"closed","template":"","meta":{"ngg_post_thumbnail":0,"footnotes":""},"class_list":["post-566","page","type-page","status-publish","hentry"],"_links":{"self":[{"href":"https:\/\/novy.vlkproject.cz\/index.php?rest_route=\/wp\/v2\/pages\/566","targetHints":{"allow":["GET"]}}],"collection":[{"href":"https:\/\/novy.vlkproject.cz\/index.php?rest_route=\/wp\/v2\/pages"}],"about":[{"href":"https:\/\/novy.vlkproject.cz\/index.php?rest_route=\/wp\/v2\/types\/page"}],"author":[{"embeddable":true,"href":"https:\/\/novy.vlkproject.cz\/index.php?rest_route=\/wp\/v2\/users\/2"}],"replies":[{"embeddable":true,"href":"https:\/\/novy.vlkproject.cz\/index.php?rest_route=%2Fwp%2Fv2%2Fcomments&post=566"}],"version-history":[{"count":1,"href":"https:\/\/novy.vlkproject.cz\/index.php?rest_route=\/wp\/v2\/pages\/566\/revisions"}],"predecessor-version":[{"id":567,"href":"https:\/\/novy.vlkproject.cz\/index.php?rest_route=\/wp\/v2\/pages\/566\/revisions\/567"}],"up":[{"embeddable":true,"href":"https:\/\/novy.vlkproject.cz\/index.php?rest_route=\/wp\/v2\/pages\/253"}],"wp:attachment":[{"href":"https:\/\/novy.vlkproject.cz\/index.php?rest_route=%2Fwp%2Fv2%2Fmedia&parent=566"}],"curies":[{"name":"wp","href":"https:\/\/api.w.org\/{rel}","templated":true}]}}