{"id":568,"date":"2024-03-12T14:37:58","date_gmt":"2024-03-12T13:37:58","guid":{"rendered":"https:\/\/novy.vlkproject.cz\/?page_id=568"},"modified":"2024-03-12T14:37:58","modified_gmt":"2024-03-12T13:37:58","slug":"prislusenstvi-k-lanovkam","status":"publish","type":"page","link":"https:\/\/novy.vlkproject.cz\/?page_id=568","title":{"rendered":"P\u0159\u00edslu\u0161enstv\u00ed k lanovk\u00e1m"},"content":{"rendered":"<p><strong>Adapta\u010dn\u00ed kladka &#8211; jen pro VLU-5<\/strong><\/p>\n<p>Je oto\u010dn\u011b ulo\u017eena \u010depem z\u00e1v\u011bsu do pouzdra nalisovan\u00e9ho ve sk\u0159\u00edni b\u011bhounu a je zaji\u0161t\u011bna dvojitou matic\u00ed. Na druh\u00e9m konci z\u00e1v\u011bsu mezi dv\u011bma bo\u010dnicemi je ulo\u017eena kladka, p\u0159es kterou je vedeno ta\u017en\u00e9 lano, kter\u00e9 se p\u0159es kladnici vr\u00e1t\u00ed zp\u011bt na adapta\u010dn\u00ed kladku, kde je upevn\u011bn jeho konec lanov\u00fdmi svorkami v koncovce ulo\u017een\u00e9 v\u00fdkyvn\u011b mezi bo\u010dnicemi a oto\u010dn\u011b ulo\u017een\u00e9 na axi\u00e1ln\u00edm lo\u017eisku. Druh\u00e1 koncovka slou\u017e\u00ed k uchycen\u00ed vratn\u00e9ho lana. Mezi bo\u010dnicemi je ulo\u017een na kuli\u010dkov\u00fdch lo\u017eisk\u00e1ch v\u00e1le\u010dek, kter\u00fd sou\u010dasn\u011b s v\u00e1lcov\u00fdmi vod\u00edtky p\u0159iva\u0159en\u00fdmi ke spodn\u00edm hran\u00e1m bo\u010dnic, chr\u00e1n\u00ed ta\u017en\u00e9 lano lanovky p\u0159ed po\u0161kozen\u00edm p\u0159i vyklizov\u00e1n\u00ed a p\u0159ibli\u017eov\u00e1n\u00ed. D\u00e1le jsou p\u0159i\u0161roubov\u00e1ny k bo\u010dnic\u00edm litinov\u00e1 z\u00e1va\u017e\u00ed a n\u00e1razn\u00edk, o kter\u00fd se op\u0159e kladnice p\u0159i zved\u00e1n\u00ed b\u0159emene.<br \/>\nFoto<\/p>\n<p>&nbsp;<\/p>\n<p><strong>B\u011bhoun &#8211; jen pro VLU-5<\/strong><\/p>\n<p>B\u011bhoun poj\u00ed\u017ed\u00ed po nosn\u00e9m lan\u011b a ve spojen\u00ed s adapta\u010dn\u00ed kladkou a kladnic\u00ed tvo\u0159\u00ed voz\u00edk lanovky, tj. poj\u00edzdn\u00e9, nosn\u00e9 a nadzved\u00e1vac\u00ed za\u0159\u00edzen\u00ed lanovky, kter\u00fdm je b\u0159emeno dopraveno na skl\u00e1dku. Skl\u00e1d\u00e1 se ze sva\u0159en\u00e9 sk\u0159\u00edn\u011b, ve kter\u00e9 jsou na kuli\u010dkov\u00fdch lo\u017eisk\u00e1ch ulo\u017eeny dv\u011b poj\u00ed\u017ed\u011bc\u00ed kladky. Na \u010dele je p\u0159i\u0161roubov\u00e1n n\u00e1razn\u00edk a ve spodn\u00ed \u010d\u00e1sti sk\u0159\u00edn\u011b jsou uchyceny 4 kusy pojistek ulo\u017een\u00fdch oto\u010dn\u011b na \u010depu a dr\u017een\u00fdch v uzav\u0159en\u00e9 poloze pru\u017einou. Pojistky br\u00e1n\u00ed samovoln\u00e9mu vysko\u010den\u00ed b\u011bhounu z nosn\u00e9ho lana, zaji\u0161\u0165uj\u00ed b\u011bhoun p\u0159i p\u0159ejezdu p\u0159es podp\u011brn\u00e9 botky a sou\u010dasn\u011b svou konstrukc\u00ed umo\u017e\u0148uj\u00ed snadn\u00e9 nasazen\u00ed b\u011bhounu shora na nosn\u00e9 lano.<br \/>\nFoto &#8230;<\/p>\n<p>&nbsp;<\/p>\n<p><strong>Botka<\/strong><\/p>\n<p>Slou\u017e\u00ed k nesen\u00ed (podep\u0159en\u00ed) nosn\u00e9ho lana na trati lanovky. Skl\u00e1d\u00e1 se ze stojiny, na jej\u00ed\u017e hran\u011b je p\u0159iva\u0159ena dr\u00e1\u017eka pro ulo\u017een\u00ed nosn\u00e9ho lana. Po stran\u00e1ch dr\u00e1\u017eky je nava\u0159en p\u00e1r n\u00e1jezd\u016f umo\u017e\u0148uj\u00edc\u00ed plynulej\u0161\u00ed p\u0159ejezd pojezdov\u00fdch kladek b\u011bhounu. Shora je p\u0159es n\u00e1jezdy nasunuta \u00fachytka, kter\u00e1 br\u00e1n\u00ed vysko\u010den\u00ed nosn\u00e9ho lana z botky. Stojina je na obou konc\u00edch z\u00fa\u017eena, aby snadno rozev\u0159ela pojistky b\u011bhounu p\u0159i p\u0159ejezdu. Stojina je ulo\u017eena oto\u010dn\u011b na \u010depu, nava\u0159en\u00e9m do tvarov\u00e9 nosn\u00e9 trubky opat\u0159en\u00e9 v\u00fdztuhami. Na horn\u00edm konci trubky je oto\u010dn\u011b ulo\u017eena vidlice s kladkou, do kter\u00e9 se vkl\u00e1d\u00e1 kotevn\u00ed lano botky.<br \/>\nFoto &#8230;<\/p>\n<p>&nbsp;<\/p>\n<p><strong>Kladka velk\u00e1<\/strong><\/p>\n<p>Slou\u017e\u00ed jako sm\u011brov\u00e1 kladka pro ta\u017en\u00e9 a vratn\u00e9 lano. Mezi bo\u010dnicemi je ulo\u017eena na kuli\u010dkov\u00fdch lo\u017eisk\u00e1ch kladka a na spodn\u00ed stran\u011b je ulo\u017een \u010dep zaji\u0161t\u011bn\u00fd matic\u00ed se z\u00e1vla\u010dkou pro uchycen\u00ed \u00favazku na kotevn\u00ed strom.<br \/>\nFoto &#8230;<\/p>\n<p>&nbsp;<\/p>\n<p><strong>Kladka mal\u00e1<\/strong><\/p>\n<p>Slou\u017e\u00ed jako vod\u00edc\u00ed kladka pro ta\u017en\u00e9 a vratn\u00e9 lano. Mezi bo\u010dnicemi je ulo\u017eena na kuli\u010dkov\u00fdch lo\u017eisk\u00e1ch kladka a na spodn\u00ed stran\u011b je ulo\u017een \u010dep zaji\u0161t\u011bn\u00fd matic\u00ed se z\u00e1vla\u010dkou pro uchycen\u00ed \u00favazku na kotevn\u00ed strom.<br \/>\nFoto &#8230;<\/p>\n<p>&nbsp;<\/p>\n<p><strong>Kladkostroj<\/strong><\/p>\n<p>Jedn\u00e1 se o \u010dty\u0159n\u00e1sobn\u00fd kladkostroj k nap\u00edn\u00e1n\u00ed nosn\u00e9ho lana, kter\u00fd umo\u017e\u0148uje pou\u017e\u00edt vyp\u00ednac\u00ed za\u0159\u00edzen\u00ed, jeho\u017e max. tah nep\u0159esahuje 1,6 t. Skl\u00e1d\u00e1 se ze dvou samostatn\u00fdch \u010d\u00e1st\u00ed a vyp\u00ednac\u00edho lana. Jedna \u010d\u00e1st je upevn\u011bna ke kotevn\u00edmu stromu nekone\u010dn\u00fdm kotevn\u00edm \u00favazkem, druhou \u010d\u00e1st\u00ed se vyp\u00edn\u00e1 a je spojena s nosn\u00fdm lanem p\u0159es sponu pro lano.<br \/>\nFoto &#8230;<\/p>\n<p>&nbsp;<\/p>\n<p><strong>Kladnice<\/strong><\/p>\n<p>Mezi dv\u011bma bo\u010dnicemi je ulo\u017eena na kuli\u010dkov\u00fdch lo\u017eisk\u00e1ch kladka. Na spodn\u00ed stran\u011b je v lo\u017ei h\u00e1ku oto\u010dn\u011b ulo\u017een na axi\u00e1ln\u00edm lo\u017eisku h\u00e1k, na kter\u00fd se pomoc\u00ed \u0159et\u011bzov\u00fdch \u00favazk\u016f zav\u011bs\u00ed p\u0159epravovan\u00e9 b\u0159emeno.<br \/>\nFoto &#8230;<\/p>\n<p>&nbsp;<\/p>\n<p><strong>Koncovka nosn\u00e9ho lana<\/strong><\/p>\n<p>Zast\u00e1v\u00e1 funkci spojovac\u00edho \u010dl\u00e1nku mezi nekone\u010dn\u00fdm kotevn\u00edm \u00favazkem a nosn\u00fdm lanem. Oko nosn\u00e9ho lana je vlo\u017eeno do \u017el\u00e1bku na obvod\u011b kruhov\u00e9ho segmentu a do dvojit\u00e9 kladni\u010dky jsou ulo\u017eena oka nekone\u010dn\u00e9ho \u00favazku, prost\u0159ednictv\u00edm kter\u00e9ho lze p\u0159es koncovku kotvit konec nosn\u00e9ho lana p\u0159\u00edmo na strom.<\/p>\n<p>&nbsp;<\/p>\n<p><strong>Kotevn\u00ed \u00favazek<\/strong><\/p>\n<p>Je d\u00e9lky 3 m a 2 m. Je pou\u017eito lano ocel. PJ 12,5 x 3,2 (2,2) m dle \u010cSN 024340.41 seal 174 dr\u00e1t\u016f o jakosti dle \u010cSN 024301.2. Konce lan jsou opat\u0159eny lanov\u00fdmi h\u00e1ky, kter\u00e9 maj\u00ed ku\u017eelovit\u00e1 pouzdra, ve kter\u00fdch jsou konce lan zaji\u0161t\u011bny kl\u00ednem. Lanov\u00fd h\u00e1k i kl\u00edn h\u00e1ku jsou ozna\u010deny vyra\u017een\u00fdm \u010d\u00edslem 1. Je nutn\u00e9 dodr\u017eet v\u017edy p\u0159\u00edslu\u0161n\u00fd h\u00e1k, kl\u00edn a \u010d\u00edslo lana, proto\u017ee p\u0159i z\u00e1m\u011bn\u011b n\u011bkter\u00e9 \u010d\u00e1sti za prvky ur\u010den\u00e9 k pr\u016fm\u011bru lana 10 mm (lana botek a zar\u00e1\u017eky &#8211; ozna\u010dena \u010d. 2) doch\u00e1z\u00ed k vytr\u017een\u00ed lana a poruch\u00e1m na kotven\u00ed cel\u00e9ho lanov\u00e9ho syst\u00e9mu.<br \/>\nFoto &#8230;<\/p>\n<p>&nbsp;<\/p>\n<p><strong>Lanov\u00e1 ko\u010dka &#8211; jen pro LS 2-500<\/strong><\/p>\n<p>Univerz\u00e1ln\u00ed lanov\u00e1 ko\u010dka je ur\u010dena k lanov\u00fdm syst\u00e9m\u016fm s nosn\u00fdm, ta\u017en\u00fdm a vratn\u00fdm lanem pro soust\u0159e\u010fov\u00e1n\u00ed d\u0159\u00edv\u00ed z obt\u00ed\u017en\u011b dostupn\u00fdch ter\u00e9n\u016f. Pro provoz ko\u010dky se zaji\u0161t\u011bn\u00fdm n\u00e1kladem je nutn\u00e1 i zar\u00e1\u017eka lanov\u00e9 ko\u010dky. Z ko\u010dky vyta\u017een\u00fd, voln\u011b vys\u00edc\u00ed konec ta\u017en\u00e9ho lana je automaticky v ko\u010dce zaji\u0161t\u011bn a je k dispozici pro sestaven\u00ed n\u00e1kladu. Odji\u0161t\u011bn\u00ed prob\u00edh\u00e1 automaticky p\u0159i zv\u00fd\u0161en\u00e9m nap\u011bt\u00ed v ta\u017en\u00e9m lan\u011b. Vyklizen\u00fd a vyzvednut\u00fd n\u00e1klad do poloz\u00e1v\u011bsu pod ko\u010dku je automaticky zaji\u0161t\u011bn. Odji\u0161t\u011bn\u00ed n\u00e1kladu se prov\u00e1d\u00ed najet\u00edm ko\u010dky na zar\u00e1\u017eku. Ko\u010dka umo\u017e\u0148uje veden\u00ed vratn\u00e9ho lana v ose nosn\u00e9ho lana.<br \/>\nFoto &#8230;<\/p>\n<p>&nbsp;<\/p>\n<p><strong>Lanov\u00fd zved\u00e1k 1,6 t<\/strong><\/p>\n<p>Jedn\u00e1 se o zved\u00e1k s nosnost\u00ed 1 600 kg. Zved\u00e1k je vybaven lanem o pr\u016fm\u011bru 11,2 mm o d\u00e9lce 30 m. Pou\u017e\u00edv\u00e1 se k nap\u00edn\u00e1n\u00ed nosn\u00e9ho lana a p\u0159i kotven\u00ed navij\u00e1ku DON-3.2 a p\u0159\u00edv\u011bsu PML-1 u lanovky VLU-5.<\/p>\n<p>&nbsp;<\/p>\n<p><strong>Nap\u00ednac\u00ed \u017eabka s \u010depem<\/strong><\/p>\n<p>Slou\u017e\u00ed k rychl\u00e9mu spojen\u00ed h\u00e1ku lana lanov\u00e9ho zved\u00e1ku na libovoln\u00e9m m\u00edst\u011b lana kladkostroje. Je tvo\u0159ena dvojic\u00ed \u010delist\u00ed, ulo\u017een\u00fdch na \u010depech rovnob\u011b\u017en\u00fdch uhlov\u00fdch p\u00e1k, kter\u00e9 jsou oto\u010dn\u011b uchyceny na t\u00e1hle. Celkov\u00e1 konstrukce d\u00e1v\u00e1 \u010delistem samosvorn\u00fd \u00fa\u010dinek<\/p>\n<p>&nbsp;<\/p>\n<p><strong>Rozna\u0161e\u010d kotevn\u00edch sil<\/strong><\/p>\n<p>Rozna\u0161e\u010d je ur\u010den ke kotven\u00ed nosn\u00e9ho lana na 2 \u2013 4 kotevn\u00ed body. Rozna\u0161e\u010d se skl\u00e1d\u00e1 z t\u011blesa rozna\u0161e\u010de dvou stejn\u011b velk\u00fdch kluzn\u00fdch kladek, kter\u00e9 jsou ulo\u017eeny na \u010depech. Dopl\u0148uje t\u0159et\u00ed \u010dep, kter\u00fd je ur\u010den pro kladku koncovky nosn\u00e9ho lana. V\u0161echny \u010depy jsou snadno vyj\u00edmateln\u00e9 a v rozna\u0161e\u010di jsou zaji\u0161t\u011bny pojistkami.<\/p>\n<p>&nbsp;<\/p>\n<p><strong>Rychlospona<\/strong><\/p>\n<p>Slou\u017e\u00ed ke zkracov\u00e1n\u00ed lana o pr\u016fm\u011bru 10 mm dle pot\u0159eby. Jedn\u00e1 se v podstat\u011b o dv\u011b sva\u0159en\u00e9 kruhov\u00e9 bo\u010dnice, mezi kter\u00fdmi je na \u010depu excentricky uchycen up\u00ednac\u00ed kotou\u010d. Mezi t\u00edmto kotou\u010dem a st\u011bnami bo\u010dnic tvo\u0159en\u00fdmi sv\u00edrac\u00ed a vod\u00edc\u00ed k\u0159ivkou je mezera, kterou proch\u00e1z\u00ed lano. Odtla\u010den\u00edm kotou\u010de nahoru se mezera zv\u011bt\u0161uje a lano, kter\u00e9 je sponou provle\u010deno, m\u016f\u017eeme protahovat a dle pot\u0159eby zkracovat. Dota\u017een\u00edm se lano ve spon\u011b samo sv\u00edr\u00e1 a neproklouzne.<br \/>\nFoto &#8230;<\/p>\n<p>&nbsp;<\/p>\n<p><strong>\u0158et\u011bzov\u00fd \u00favazek<\/strong><\/p>\n<p>Slou\u017e\u00ed k zav\u011b\u0161en\u00ed b\u0159emene a je na jedn\u00e9 stran\u011b ukon\u010dena kruhov\u00fdm okem a na druh\u00e9 stran\u011b ov\u00e1ln\u00fdm okem s noscem.<br \/>\nFoto &#8230;<\/p>\n<p>&nbsp;<\/p>\n<p><strong>Spona pro lano<\/strong><\/p>\n<p>Slou\u017e\u00ed ke zkracov\u00e1n\u00ed nosn\u00e9ho lana p\u0159i r\u016fzn\u00fdch d\u00e9lk\u00e1ch tras a sou\u010dasn\u011b tvo\u0159\u00ed spojovac\u00ed \u010dl\u00e1nek mezi nosn\u00fdm lanem a nap\u00ednac\u00edm kladkostrojem. Nap\u00ednac\u00ed \u00fasek lana mus\u00ed b\u00fdt na stran\u011b spony, jej\u00ed\u017e prodlou\u017een\u00e1 osa proch\u00e1z\u00ed osou otvoru pro upevn\u011bn\u00ed t\u00e1hla. P\u0159i vlo\u017een\u00ed lana obr\u00e1cen\u011b doch\u00e1z\u00ed k po\u0161kozen\u00ed lana a trh\u00e1n\u00ed kl\u00ednov\u00e9 spony.<\/p>\n<p>&nbsp;<\/p>\n<p><strong>Sto\u017e\u00e1rov\u00e1 botka<\/strong><\/p>\n<p>Umo\u017e\u0148uje zav\u011b\u0161en\u00ed nosn\u00e9ho lana o pr\u016fm\u011bru 16 a 18 mm do po\u017eadovan\u00e9 v\u00fd\u0161ky nad ter\u00e9nem. Je zav\u011b\u0161ena na koncov\u00e9m &#8211; sto\u017e\u00e1rov\u00e9m strom\u011b a umo\u017e\u0148uje pr\u016fjezd voz\u00edku. Sto\u017e\u00e1rov\u00e1 botka se skl\u00e1d\u00e1 z t\u011blesa botky \u2013 sva\u0159enec a \u010depu. \u010cep n\u00e1m slou\u017e\u00ed k zav\u011b\u0161en\u00ed botky s nosn\u00fdm lanem na sto\u017e\u00e1rov\u00fd strom prost\u0159ednictv\u00edm kotevn\u00edho \u00favazku.<br \/>\nFoto &#8230;<\/p>\n<p>&nbsp;<\/p>\n<p><strong>Sni\u017eovac\u00ed botka<\/strong><\/p>\n<p>Slou\u017e\u00ed k nesen\u00ed nosn\u00e9ho lana na nep\u0159\u00edstupn\u011bj\u0161\u00edch m\u00edstech. Skl\u00e1d\u00e1 se ze stojiny, na jej\u00ed\u017e hran\u011b je p\u0159iva\u0159ena dr\u00e1\u017eka pro ulo\u017een\u00ed nosn\u00e9ho lana. Stojina je ulo\u017eena oto\u010dn\u011b na \u010depu, nava\u0159en\u00e9m do tvarov\u00e9 nosn\u00e9 trubky opat\u0159en\u00e9 v\u00fdztuhami. Na horn\u00edm konci trubky je oto\u010dn\u011b ulo\u017eena vidlice s kladkou, do kter\u00e9 se vkl\u00e1d\u00e1 kotevn\u00ed lano botky.<br \/>\nFoto &#8230;<\/p>\n<p>&nbsp;<\/p>\n<p><strong>\u00davazek<\/strong><\/p>\n<p>Jsou d\u00e9lky 2,5 m a slou\u017e\u00ed k uchycen\u00ed velk\u00e9, p\u0159\u00edpadn\u011b mal\u00e9 kladky ke kotevn\u00edmu stromu. Je pou\u017eito ocelov\u00e9ho lana pr\u016fm\u011bru 12,5 mm x 2,8 m dle \u010cSN 024322.41 v jakosti dle \u010cSN 024301.2 opat\u0159en\u00e9ho na obou konc\u00edch oky se zalisovan\u00fdmi obj\u00edmkami dle \u010cSN 024481. Jako alternativa lze pou\u017e\u00edt b\u011b\u017en\u00fdch textiln\u00edch nekone\u010dn\u00fdch \u00favazk\u016f odpov\u00eddaj\u00edc\u00ed nosnosti.<br \/>\nFoto &#8230;<\/p>\n<p>&nbsp;<\/p>\n<p><strong>Zar\u00e1\u017eka<\/strong><\/p>\n<p>R\u00e1m zar\u00e1\u017eky je konstruov\u00e1n tak, aby mohl voln\u011b klouzat po nosn\u00e9m lan\u011b a zar\u00e1\u017eka se dala p\u0159etahovat p\u0159es botky.<br \/>\n. Slou\u017e\u00ed k vymezen\u00ed horn\u00ed a doln\u00ed polohy na pojezdov\u00e9 trati b\u011bhounu. R\u00e1m zar\u00e1\u017eky je opat\u0159en n\u00e1razn\u00edkovou plochou s vrstvou pry\u017ee a dv\u011bma pojistkami proti vysko\u010den\u00ed zar\u00e1\u017eky z nosn\u00e9ho lana. Jedna strana r\u00e1mu je prota\u017eena a je na n\u00ed h\u00e1k pro lano zar\u00e1\u017eky.<br \/>\nFoto &#8230;<\/p>\n","protected":false},"excerpt":{"rendered":"<p>Adapta\u010dn\u00ed kladka &#8211; jen pro VLU-5 Je oto\u010dn\u011b ulo\u017eena \u010depem z\u00e1v\u011bsu do pouzdra nalisovan\u00e9ho ve sk\u0159\u00edni b\u011bhounu a je zaji\u0161t\u011bna dvojitou matic\u00ed. Na druh\u00e9m konci z\u00e1v\u011bsu mezi dv\u011bma bo\u010dnicemi je ulo\u017eena kladka, p\u0159es kterou je vedeno ta\u017en\u00e9 lano, kter\u00e9 se [&hellip;]<\/p>\n","protected":false},"author":2,"featured_media":0,"parent":253,"menu_order":40,"comment_status":"closed","ping_status":"closed","template":"","meta":{"ngg_post_thumbnail":0,"footnotes":""},"class_list":["post-568","page","type-page","status-publish","hentry"],"_links":{"self":[{"href":"https:\/\/novy.vlkproject.cz\/index.php?rest_route=\/wp\/v2\/pages\/568","targetHints":{"allow":["GET"]}}],"collection":[{"href":"https:\/\/novy.vlkproject.cz\/index.php?rest_route=\/wp\/v2\/pages"}],"about":[{"href":"https:\/\/novy.vlkproject.cz\/index.php?rest_route=\/wp\/v2\/types\/page"}],"author":[{"embeddable":true,"href":"https:\/\/novy.vlkproject.cz\/index.php?rest_route=\/wp\/v2\/users\/2"}],"replies":[{"embeddable":true,"href":"https:\/\/novy.vlkproject.cz\/index.php?rest_route=%2Fwp%2Fv2%2Fcomments&post=568"}],"version-history":[{"count":2,"href":"https:\/\/novy.vlkproject.cz\/index.php?rest_route=\/wp\/v2\/pages\/568\/revisions"}],"predecessor-version":[{"id":570,"href":"https:\/\/novy.vlkproject.cz\/index.php?rest_route=\/wp\/v2\/pages\/568\/revisions\/570"}],"up":[{"embeddable":true,"href":"https:\/\/novy.vlkproject.cz\/index.php?rest_route=\/wp\/v2\/pages\/253"}],"wp:attachment":[{"href":"https:\/\/novy.vlkproject.cz\/index.php?rest_route=%2Fwp%2Fv2%2Fmedia&parent=568"}],"curies":[{"name":"wp","href":"https:\/\/api.w.org\/{rel}","templated":true}]}}