{"id":574,"date":"2024-03-12T15:12:31","date_gmt":"2024-03-12T14:12:31","guid":{"rendered":"https:\/\/novy.vlkproject.cz\/?page_id=574"},"modified":"2024-03-12T15:12:31","modified_gmt":"2024-03-12T14:12:31","slug":"lestrak","status":"publish","type":"page","link":"https:\/\/novy.vlkproject.cz\/?page_id=574","title":{"rendered":"LESTRAK"},"content":{"rendered":"<p>Lesnick\u00e9 n\u00e1stavby LESTRAK montovan\u00e9 na univerz\u00e1ln\u00ed kolov\u00e9 traktory jsou vyr\u00e1b\u011bn\u00e9 firmou PELI. Jsou ur\u010den\u00e9 pro v\u0161echny operace p\u0159i soust\u0159e\u010fov\u00e1n\u00ed d\u0159\u00edv\u00ed, tj. p\u0159i vyklizov\u00e1n\u00ed, sestaven\u00ed n\u00e1kladu, p\u0159ibli\u017eov\u00e1n\u00ed a ukl\u00e1d\u00e1n\u00ed d\u0159\u00edv\u00ed na skl\u00e1dky.<\/p>\n<p>V\u0161echny n\u00e1stavby jsou vyr\u00e1b\u011bn\u00e9 individu\u00e1ln\u011b a p\u0159izp\u016fsobeny pot\u0159eb\u00e1m z\u00e1kazn\u00edka. Jsou vyrobeny z odoln\u00e9 oceli. P\u0159i konstrukci je&nbsp; kladen d\u016fraz na zachov\u00e1n\u00ed co nejv\u011bt\u0161\u00ed sv\u011btl\u00e9 v\u00fd\u0161ky traktoru. Konstrukce n\u00e1stavby je tvo\u0159ena \u201eu\u017eivatelsky\u201c a to tak, \u017ee v\u0161echny \u010d\u00e1sti n\u00e1stavby jsou \u0161roubovan\u00e9 tak, aby bylo mo\u017en\u00e9 jednoduch\u00e9 rozebr\u00e1n\u00ed v p\u0159\u00edpad\u011b po\u0161kozen\u00ed nebo pot\u0159eby servisu traktoru. Snadn\u00e1 mont\u00e1\u017e a demont\u00e1\u017e zjednodu\u0161uj\u00ed servis a \u00fadr\u017ebu.<\/p>\n<p>Rampova\u010de jsou r\u016fzn\u00e9ho typu, li\u0161\u00ed se jak v\u00fd\u0161kou a konstrukc\u00ed ramen tak tvarem l\u017e\u00edce. Rampova\u010de se dostanou do hloubky minim\u00e1ln\u011b 0,2 m, v\u00fd\u0161ka zdvihu je dle typu od 1,2 m a\u017e do v\u00fd\u0161ky 3,5 m. Vlastn\u00ed l\u017e\u00edce rampova\u010de m\u00e1 n\u011bkolik variant od hol\u00e9 radlice a\u017e po nakl\u00e1dac\u00ed lopaty.<\/p>\n<p>Do n\u00e1staveb LESTRAK jsou pou\u017e\u00edv\u00e1ny p\u0159ev\u00e1\u017en\u011b robustn\u00ed a l\u00e9ty prov\u011b\u0159en\u00e9 profesion\u00e1ln\u00ed navij\u00e1ky IGLAND. Mohou b\u00fdt um\u00edst\u011bny na t\u0159\u00edbodov\u00fd z\u00e1v\u011bs traktoru, ale pro profesion\u00e1ln\u00ed p\u0159ibli\u017eov\u00e1n\u00ed jsou navij\u00e1ky obvykle namontov\u00e1ny napevno. Jejich \u0161t\u00edt, kter\u00fd dosahuje zdvihu minim\u00e1ln\u011b sv\u011btl\u00e9 v\u00fd\u0161ky traktoru, je sou\u010d\u00e1st\u00ed pevn\u00e9 n\u00e1stavby a je um\u00edst\u011bn t\u011bsn\u011b za zadn\u00edmi koly traktoru. Na p\u0159\u00e1n\u00ed z\u00e1kazn\u00edka&nbsp; jsou pou\u017e\u00edv\u00e1ny i navij\u00e1ky jin\u00fdch v\u00fdrobc\u016f.<\/p>\n<p>Na\u0161e n\u00e1stavby jsou kompatibiln\u00ed s r\u016fzn\u00fdmi typy traktor\u016f, od t\u011bch nejmen\u0161\u00edch po ty nejv\u011bt\u0161\u00ed s v\u00fdkonem a\u017e 300k. D\u00edky na\u0161\u00ed \u0161irok\u00e9 nab\u00eddce v\u00e1m m\u016f\u017eeme poskytnout ide\u00e1ln\u00ed \u0159e\u0161en\u00ed pro va\u0161e pot\u0159eby v lese.<\/p>\n<p>N\u00e1stavby LESTRAK jsou schv\u00e1leny Ministerstvem dopravy \u010cR. V p\u0159\u00edpad\u011b atypick\u00e9 mont\u00e1\u017ee n\u00e1stavby prov\u00e1d\u00edme individu\u00e1ln\u00ed schv\u00e1len\u00ed v\u010detn\u011b pot\u0159ebn\u00fdch zkou\u0161ek.<\/p>\n<p>&nbsp;<\/p>\n<p>&nbsp;<\/p>\n","protected":false},"excerpt":{"rendered":"<p>Lesnick\u00e9 n\u00e1stavby LESTRAK montovan\u00e9 na univerz\u00e1ln\u00ed kolov\u00e9 traktory jsou vyr\u00e1b\u011bn\u00e9 firmou PELI. Jsou ur\u010den\u00e9 pro v\u0161echny operace p\u0159i soust\u0159e\u010fov\u00e1n\u00ed d\u0159\u00edv\u00ed, tj. p\u0159i vyklizov\u00e1n\u00ed, sestaven\u00ed n\u00e1kladu, p\u0159ibli\u017eov\u00e1n\u00ed a ukl\u00e1d\u00e1n\u00ed d\u0159\u00edv\u00ed na skl\u00e1dky. V\u0161echny n\u00e1stavby jsou vyr\u00e1b\u011bn\u00e9 individu\u00e1ln\u011b a p\u0159izp\u016fsobeny pot\u0159eb\u00e1m z\u00e1kazn\u00edka. [&hellip;]<\/p>\n","protected":false},"author":2,"featured_media":0,"parent":257,"menu_order":10,"comment_status":"closed","ping_status":"closed","template":"","meta":{"ngg_post_thumbnail":0,"footnotes":""},"class_list":["post-574","page","type-page","status-publish","hentry"],"_links":{"self":[{"href":"https:\/\/novy.vlkproject.cz\/index.php?rest_route=\/wp\/v2\/pages\/574","targetHints":{"allow":["GET"]}}],"collection":[{"href":"https:\/\/novy.vlkproject.cz\/index.php?rest_route=\/wp\/v2\/pages"}],"about":[{"href":"https:\/\/novy.vlkproject.cz\/index.php?rest_route=\/wp\/v2\/types\/page"}],"author":[{"embeddable":true,"href":"https:\/\/novy.vlkproject.cz\/index.php?rest_route=\/wp\/v2\/users\/2"}],"replies":[{"embeddable":true,"href":"https:\/\/novy.vlkproject.cz\/index.php?rest_route=%2Fwp%2Fv2%2Fcomments&post=574"}],"version-history":[{"count":2,"href":"https:\/\/novy.vlkproject.cz\/index.php?rest_route=\/wp\/v2\/pages\/574\/revisions"}],"predecessor-version":[{"id":576,"href":"https:\/\/novy.vlkproject.cz\/index.php?rest_route=\/wp\/v2\/pages\/574\/revisions\/576"}],"up":[{"embeddable":true,"href":"https:\/\/novy.vlkproject.cz\/index.php?rest_route=\/wp\/v2\/pages\/257"}],"wp:attachment":[{"href":"https:\/\/novy.vlkproject.cz\/index.php?rest_route=%2Fwp%2Fv2%2Fmedia&parent=574"}],"curies":[{"name":"wp","href":"https:\/\/api.w.org\/{rel}","templated":true}]}}