{"id":577,"date":"2024-03-13T08:05:53","date_gmt":"2024-03-13T07:05:53","guid":{"rendered":"https:\/\/novy.vlkproject.cz\/?page_id=577"},"modified":"2024-03-13T08:05:53","modified_gmt":"2024-03-13T07:05:53","slug":"ma-6-008","status":"publish","type":"page","link":"https:\/\/novy.vlkproject.cz\/?page_id=577","title":{"rendered":"MA 6-008"},"content":{"rendered":"<p>N\u00e1stavba MA 6-008 pro soust\u0159e\u010fov\u00e1n\u00ed d\u0159\u00edv\u00ed na Z 7245 s DTN-4 umo\u017e\u0148uje pou\u017e\u00edt tento univers\u00e1ln\u00ed kolov\u00fd traktor p\u0159i v\u0161ech operac\u00edch soust\u0159e\u010fov\u00e1n\u00ed d\u0159\u00edv\u00ed, tj. p\u0159i vyklizov\u00e1n\u00ed, sestaven\u00ed n\u00e1kladu, p\u0159ibli\u017eov\u00e1n\u00ed a ukl\u00e1d\u00e1n\u00ed d\u0159\u00edv\u00ed na skl\u00e1dky. P\u0159i pou\u017eit\u00ed za\u0159\u00edzen\u00ed dod\u00e1van\u00e9ho na zvl\u00e1\u0161tn\u00ed objedn\u00e1vku je mo\u017eno takto vybaven\u00fd traktor pou\u017e\u00edt pro p\u0159ibli\u017eov\u00e1n\u00ed pomoc\u00ed lanov\u00e9ho syst\u00e9mu z kr\u00e1tk\u00fdch a nep\u0159\u00edstupn\u00fdch svah\u016f.<\/p>\n<p>Standardn\u00ed n\u00e1stavba sest\u00e1v\u00e1 z t\u011bchto \u010d\u00e1st\u00ed:<br \/>\nHlavn\u00ed \u010d\u00e1sti:<br \/>\n\u00b7 ochrann\u00e1 vana BOV-074,<br \/>\n\u00b7 \u010deln\u00ed rampova\u010d ACR-014<br \/>\n\u00b7 p\u0159ibli\u017eovac\u00ed \u0161t\u00edt k DTN 4<br \/>\n\u00b7 konzoly pro p\u0159ipojen\u00ed DTN 4 k Z 7245<br \/>\n\u00b7 ochrann\u00e1 s\u00ed\u0165<br \/>\n\u00b7 dvoububnov\u00fd traktorov\u00fd navij\u00e1k DTN 4,<br \/>\n\u00b7 d\u00e1lkov\u00e9 ovl\u00e1d\u00e1n\u00ed DTN 4 na Z 7245<br \/>\n\u00b7 t\u00e1hla k Z 7245<br \/>\n\u00b7 hydraulika n\u00e1stavby Z 7245 s DTN 4<br \/>\n\u00b7 \u00fapravy a dopl\u0148ky traktoru<\/p>\n<p>P\u0159\u00edslu\u0161enstv\u00ed:<br \/>\n\u00b7 na zvl\u00e1\u0161tn\u00ed objedn\u00e1vku &#8211; lanov\u00fd syst\u00e9m k DTN 4<\/p>\n<p>Technick\u00e9 parametry:<\/p>\n<table class=\"tabulka\" style=\"width: 50.6112%;\" border=\"0\" width=\"70%\" cellspacing=\"0\" cellpadding=\"0\">\n<tbody>\n<tr>\n<td class=\"tabulkazahl\" style=\"width: 37.3839%;\" colspan=\"2\" width=\"60%\">Celkov\u00e1 d\u00e9lka<\/td>\n<td class=\"tabulkatext\" style=\"width: 13.2273%;\" width=\"40%\">5 250 mm<\/td>\n<\/tr>\n<tr>\n<td class=\"tabulkazahl\" style=\"width: 37.3839%;\" colspan=\"2\" width=\"60%\">Maxim\u00e1ln\u00ed v\u00fd\u0161ka<\/td>\n<td class=\"tabulkatext\" style=\"width: 13.2273%;\" width=\"40%\">2 800 mm<\/td>\n<\/tr>\n<tr>\n<td class=\"tabulkazahl\" style=\"width: 37.3839%;\" colspan=\"2\" width=\"60%\">Maxim\u00e1ln\u00ed sv\u011btl\u00e1 v\u00fd\u0161ka<\/td>\n<td class=\"tabulkatext\" style=\"width: 13.2273%;\" width=\"40%\">320 mm<\/td>\n<\/tr>\n<tr>\n<td class=\"tabulkazahl\" style=\"width: 21.0758%;\" rowspan=\"3\" width=\"30%\">Pohotovostn\u00ed hmotnost<\/td>\n<td class=\"tabulkazahl\" style=\"width: 16.3081%;\" width=\"30%\">celkov\u00e1<\/td>\n<td class=\"tabulkatext\" style=\"width: 13.2273%;\" width=\"40%\">5 400 kg<\/td>\n<\/tr>\n<tr>\n<td class=\"tabulkazahl\" style=\"width: 16.3081%;\" width=\"30%\">p\u0159edn\u00ed n\u00e1prava<\/td>\n<td class=\"tabulkatext\" style=\"width: 13.2273%;\" width=\"40%\">2 100 kg<\/td>\n<\/tr>\n<tr>\n<td class=\"tabulkazahl\" style=\"width: 16.3081%;\" width=\"30%\">zadn\u00ed n\u00e1prava<\/td>\n<td class=\"tabulkatext\" style=\"width: 13.2273%;\" width=\"40%\">3 300 kg<\/td>\n<\/tr>\n<tr>\n<td class=\"tabulkazahl\" style=\"width: 37.3839%;\" colspan=\"2\" width=\"60%\">Celkov\u00e1 hmotnost<\/td>\n<td class=\"tabulkatext\" style=\"width: 13.2273%;\" width=\"40%\">5 600 kg<\/td>\n<\/tr>\n<\/tbody>\n<\/table>\n","protected":false},"excerpt":{"rendered":"<p>N\u00e1stavba MA 6-008 pro soust\u0159e\u010fov\u00e1n\u00ed d\u0159\u00edv\u00ed na Z 7245 s DTN-4 umo\u017e\u0148uje pou\u017e\u00edt tento univers\u00e1ln\u00ed kolov\u00fd traktor p\u0159i v\u0161ech operac\u00edch soust\u0159e\u010fov\u00e1n\u00ed d\u0159\u00edv\u00ed, tj. p\u0159i vyklizov\u00e1n\u00ed, sestaven\u00ed n\u00e1kladu, p\u0159ibli\u017eov\u00e1n\u00ed a ukl\u00e1d\u00e1n\u00ed d\u0159\u00edv\u00ed na skl\u00e1dky. P\u0159i pou\u017eit\u00ed za\u0159\u00edzen\u00ed dod\u00e1van\u00e9ho na zvl\u00e1\u0161tn\u00ed objedn\u00e1vku [&hellip;]<\/p>\n","protected":false},"author":2,"featured_media":0,"parent":257,"menu_order":20,"comment_status":"closed","ping_status":"closed","template":"","meta":{"ngg_post_thumbnail":0,"footnotes":""},"class_list":["post-577","page","type-page","status-publish","hentry"],"_links":{"self":[{"href":"https:\/\/novy.vlkproject.cz\/index.php?rest_route=\/wp\/v2\/pages\/577","targetHints":{"allow":["GET"]}}],"collection":[{"href":"https:\/\/novy.vlkproject.cz\/index.php?rest_route=\/wp\/v2\/pages"}],"about":[{"href":"https:\/\/novy.vlkproject.cz\/index.php?rest_route=\/wp\/v2\/types\/page"}],"author":[{"embeddable":true,"href":"https:\/\/novy.vlkproject.cz\/index.php?rest_route=\/wp\/v2\/users\/2"}],"replies":[{"embeddable":true,"href":"https:\/\/novy.vlkproject.cz\/index.php?rest_route=%2Fwp%2Fv2%2Fcomments&post=577"}],"version-history":[{"count":1,"href":"https:\/\/novy.vlkproject.cz\/index.php?rest_route=\/wp\/v2\/pages\/577\/revisions"}],"predecessor-version":[{"id":578,"href":"https:\/\/novy.vlkproject.cz\/index.php?rest_route=\/wp\/v2\/pages\/577\/revisions\/578"}],"up":[{"embeddable":true,"href":"https:\/\/novy.vlkproject.cz\/index.php?rest_route=\/wp\/v2\/pages\/257"}],"wp:attachment":[{"href":"https:\/\/novy.vlkproject.cz\/index.php?rest_route=%2Fwp%2Fv2%2Fmedia&parent=577"}],"curies":[{"name":"wp","href":"https:\/\/api.w.org\/{rel}","templated":true}]}}