{"id":581,"date":"2024-03-13T08:12:03","date_gmt":"2024-03-13T07:12:03","guid":{"rendered":"https:\/\/novy.vlkproject.cz\/?page_id=581"},"modified":"2024-03-13T08:19:51","modified_gmt":"2024-03-13T07:19:51","slug":"rampovaci-lopaty-a-rampovace","status":"publish","type":"page","link":"https:\/\/novy.vlkproject.cz\/?page_id=581","title":{"rendered":"Rampova\u010de a rampovac\u00ed lopaty"},"content":{"rendered":"<p>\u010celn\u00ed rampova\u010d nebo naklada\u010d s rampovac\u00ed l\u017e\u00edc\u00ed je ur\u010den k navalov\u00e1n\u00ed nebo manipulac\u00ed z dlouhou kulatinou nebo sortimenty na skl\u00e1dk\u00e1ch nebo p\u0159i b\u011b\u017en\u00e9 pr\u00e1ci p\u0159i vyklizov\u00e1n\u00ed.<\/p>\n<p>Rampova\u010de jsou r\u016fzn\u00e9ho typu, li\u0161\u00ed se jak v\u00fd\u0161kou a konstrukc\u00ed ramen tak tvarem l\u017e\u00edce. Rampova\u010de se dostanou do hloubky minim\u00e1ln\u011b 0,2 m, v\u00fd\u0161ka zdvihu je dle typu od 1,2 m a\u017e do v\u00fd\u0161ky 3,5 m. Vlastn\u00ed l\u017e\u00edce rampova\u010de m\u00e1 n\u011bkolik variant od hol\u00e9 radlice a\u017e po nakl\u00e1dac\u00ed l\u017e\u00edci<\/p>\n<p>\u010celn\u00ed rampova\u010d se montuje na UKT, kter\u00fd je vybaven n\u00e1stavbou pro soust\u0159e\u010fov\u00e1n\u00ed d\u0159\u00edv\u00ed. Skl\u00e1d\u00e1 se z ramen, hydraulick\u00fdch zvedac\u00edch v\u00e1lc\u016f a rampovac\u00ed l\u017e\u00edce, kter\u00e1 m\u016f\u017ee b\u00fdt bu\u010f pevn\u00e1 nebo zlamovac\u00ed a m\u016f\u017ee m\u00edt i p\u0159ikl\u00e1p\u011bc\u00ed prst pro uchycen\u00ed kulatiny. M\u00edsto pevn\u00e9 l\u017e\u00edce lze pou\u017e\u00edt i pohyblivou l\u017e\u00edci, kter\u00e1 m\u00e1 nakl\u00e1p\u011bc\u00ed \u017elab a dr\u017e\u00e1k \u017elabu pro manipulaci s kulatinou.<\/p>\n<p>\u010celn\u00ed naklada\u010d je ur\u010den pro manipulaci z dlouhou kulatinou nebo sortimenty. Skl\u00e1d\u00e1 se z ramen naklada\u010de, hydraulick\u00fdch zvedac\u00edch a nakl\u00e1p\u011bc\u00edch v\u00e1lc\u016f a rampovac\u00ed l\u017e\u00edc\u00ed s p\u0159\u00edtla\u010dn\u00fdm prstem. Velmi obl\u00edbenou variantu naklada\u010de lze pou\u017e\u00edt i standardn\u00ed naklada\u010d (TracLift, Quicke, apod), na kter\u00fd se uchyt\u00e1v\u00e1 rampovac\u00ed l\u017e\u00edce pomoc\u00ed tzv. euroz\u00e1v\u011bsu.<\/p>\n<p>&nbsp;<\/p>\n","protected":false},"excerpt":{"rendered":"<p>\u010celn\u00ed rampova\u010d nebo naklada\u010d s rampovac\u00ed l\u017e\u00edc\u00ed je ur\u010den k navalov\u00e1n\u00ed nebo manipulac\u00ed z dlouhou kulatinou nebo sortimenty na skl\u00e1dk\u00e1ch nebo p\u0159i b\u011b\u017en\u00e9 pr\u00e1ci p\u0159i vyklizov\u00e1n\u00ed. Rampova\u010de jsou r\u016fzn\u00e9ho typu, li\u0161\u00ed se jak v\u00fd\u0161kou a konstrukc\u00ed ramen tak tvarem l\u017e\u00edce. [&hellip;]<\/p>\n","protected":false},"author":2,"featured_media":0,"parent":257,"menu_order":40,"comment_status":"closed","ping_status":"closed","template":"","meta":{"ngg_post_thumbnail":0,"footnotes":""},"class_list":["post-581","page","type-page","status-publish","hentry"],"_links":{"self":[{"href":"https:\/\/novy.vlkproject.cz\/index.php?rest_route=\/wp\/v2\/pages\/581","targetHints":{"allow":["GET"]}}],"collection":[{"href":"https:\/\/novy.vlkproject.cz\/index.php?rest_route=\/wp\/v2\/pages"}],"about":[{"href":"https:\/\/novy.vlkproject.cz\/index.php?rest_route=\/wp\/v2\/types\/page"}],"author":[{"embeddable":true,"href":"https:\/\/novy.vlkproject.cz\/index.php?rest_route=\/wp\/v2\/users\/2"}],"replies":[{"embeddable":true,"href":"https:\/\/novy.vlkproject.cz\/index.php?rest_route=%2Fwp%2Fv2%2Fcomments&post=581"}],"version-history":[{"count":2,"href":"https:\/\/novy.vlkproject.cz\/index.php?rest_route=\/wp\/v2\/pages\/581\/revisions"}],"predecessor-version":[{"id":584,"href":"https:\/\/novy.vlkproject.cz\/index.php?rest_route=\/wp\/v2\/pages\/581\/revisions\/584"}],"up":[{"embeddable":true,"href":"https:\/\/novy.vlkproject.cz\/index.php?rest_route=\/wp\/v2\/pages\/257"}],"wp:attachment":[{"href":"https:\/\/novy.vlkproject.cz\/index.php?rest_route=%2Fwp%2Fv2%2Fmedia&parent=581"}],"curies":[{"name":"wp","href":"https:\/\/api.w.org\/{rel}","templated":true}]}}