{"id":587,"date":"2024-03-13T08:35:34","date_gmt":"2024-03-13T07:35:34","guid":{"rendered":"https:\/\/novy.vlkproject.cz\/?page_id=587"},"modified":"2024-03-13T08:35:34","modified_gmt":"2024-03-13T07:35:34","slug":"drapak-gr-20","status":"publish","type":"page","link":"https:\/\/novy.vlkproject.cz\/?page_id=587","title":{"rendered":"Drap\u00e1k GR 20"},"content":{"rendered":"<p>Lehk\u00e1 univerz\u00e1ln\u00ed lopata, ur\u010den\u00e1 pro manipulaci s kmeny, v\u00fd\u0159ezy, kamen\u00edm a podobn\u00fdm materi\u00e1lem. Vzhledem k leh\u010d\u00edmu proveden\u00ed (hmotnost jen 145 kg) je vhodn\u00e1 i na slab\u0161\u00ed naklada\u010de a traktory.<\/p>\n<p>Technick\u00e9 parametry:<\/p>\n<p>Min\/Max otev\u0159en\u00ed: 0\/ 103 cm<br \/>\nD\u00e9lka\/V\u00fd\u0161ka\/\u0160\u00ed\u0159ka: 60\/ 98\/ 80 cm<br \/>\nHmotnost: 145 kg<\/p>\n","protected":false},"excerpt":{"rendered":"<p>Lehk\u00e1 univerz\u00e1ln\u00ed lopata, ur\u010den\u00e1 pro manipulaci s kmeny, v\u00fd\u0159ezy, kamen\u00edm a podobn\u00fdm materi\u00e1lem. Vzhledem k leh\u010d\u00edmu proveden\u00ed (hmotnost jen 145 kg) je vhodn\u00e1 i na slab\u0161\u00ed naklada\u010de a traktory. Technick\u00e9 parametry: Min\/Max otev\u0159en\u00ed: 0\/ 103 cm D\u00e9lka\/V\u00fd\u0161ka\/\u0160\u00ed\u0159ka: 60\/ 98\/ 80 [&hellip;]<\/p>\n","protected":false},"author":2,"featured_media":0,"parent":269,"menu_order":10,"comment_status":"closed","ping_status":"closed","template":"","meta":{"ngg_post_thumbnail":0,"footnotes":""},"class_list":["post-587","page","type-page","status-publish","hentry"],"_links":{"self":[{"href":"https:\/\/novy.vlkproject.cz\/index.php?rest_route=\/wp\/v2\/pages\/587","targetHints":{"allow":["GET"]}}],"collection":[{"href":"https:\/\/novy.vlkproject.cz\/index.php?rest_route=\/wp\/v2\/pages"}],"about":[{"href":"https:\/\/novy.vlkproject.cz\/index.php?rest_route=\/wp\/v2\/types\/page"}],"author":[{"embeddable":true,"href":"https:\/\/novy.vlkproject.cz\/index.php?rest_route=\/wp\/v2\/users\/2"}],"replies":[{"embeddable":true,"href":"https:\/\/novy.vlkproject.cz\/index.php?rest_route=%2Fwp%2Fv2%2Fcomments&post=587"}],"version-history":[{"count":1,"href":"https:\/\/novy.vlkproject.cz\/index.php?rest_route=\/wp\/v2\/pages\/587\/revisions"}],"predecessor-version":[{"id":588,"href":"https:\/\/novy.vlkproject.cz\/index.php?rest_route=\/wp\/v2\/pages\/587\/revisions\/588"}],"up":[{"embeddable":true,"href":"https:\/\/novy.vlkproject.cz\/index.php?rest_route=\/wp\/v2\/pages\/269"}],"wp:attachment":[{"href":"https:\/\/novy.vlkproject.cz\/index.php?rest_route=%2Fwp%2Fv2%2Fmedia&parent=587"}],"curies":[{"name":"wp","href":"https:\/\/api.w.org\/{rel}","templated":true}]}}