{"id":589,"date":"2024-03-13T08:37:15","date_gmt":"2024-03-13T07:37:15","guid":{"rendered":"https:\/\/novy.vlkproject.cz\/?page_id=589"},"modified":"2024-03-13T08:37:15","modified_gmt":"2024-03-13T07:37:15","slug":"odlehcena-lopata","status":"publish","type":"page","link":"https:\/\/novy.vlkproject.cz\/?page_id=589","title":{"rendered":"Odleh\u010den\u00e1 lopata"},"content":{"rendered":"<p>Univerz\u00e1ln\u00ed rampovac\u00ed lopata s jedn\u00edm aktivn\u00edm p\u0159idr\u017eova\u010dem ur\u010den\u00e1 pro ve\u0161kerou manipulaci s kmeny a v\u00fd\u0159ezy, kter\u00e1 je ur\u010den\u00e1 pro men\u0161\u00ed, leh\u010d\u00ed a v\u00fdkonov\u011b slab\u0161\u00ed traktory.<\/p>\n<p>&nbsp;<\/p>\n","protected":false},"excerpt":{"rendered":"<p>Univerz\u00e1ln\u00ed rampovac\u00ed lopata s jedn\u00edm aktivn\u00edm p\u0159idr\u017eova\u010dem ur\u010den\u00e1 pro ve\u0161kerou manipulaci s kmeny a v\u00fd\u0159ezy, kter\u00e1 je ur\u010den\u00e1 pro men\u0161\u00ed, leh\u010d\u00ed a v\u00fdkonov\u011b slab\u0161\u00ed traktory. &nbsp;<\/p>\n","protected":false},"author":2,"featured_media":0,"parent":269,"menu_order":20,"comment_status":"closed","ping_status":"closed","template":"","meta":{"ngg_post_thumbnail":0,"footnotes":""},"class_list":["post-589","page","type-page","status-publish","hentry"],"_links":{"self":[{"href":"https:\/\/novy.vlkproject.cz\/index.php?rest_route=\/wp\/v2\/pages\/589","targetHints":{"allow":["GET"]}}],"collection":[{"href":"https:\/\/novy.vlkproject.cz\/index.php?rest_route=\/wp\/v2\/pages"}],"about":[{"href":"https:\/\/novy.vlkproject.cz\/index.php?rest_route=\/wp\/v2\/types\/page"}],"author":[{"embeddable":true,"href":"https:\/\/novy.vlkproject.cz\/index.php?rest_route=\/wp\/v2\/users\/2"}],"replies":[{"embeddable":true,"href":"https:\/\/novy.vlkproject.cz\/index.php?rest_route=%2Fwp%2Fv2%2Fcomments&post=589"}],"version-history":[{"count":1,"href":"https:\/\/novy.vlkproject.cz\/index.php?rest_route=\/wp\/v2\/pages\/589\/revisions"}],"predecessor-version":[{"id":590,"href":"https:\/\/novy.vlkproject.cz\/index.php?rest_route=\/wp\/v2\/pages\/589\/revisions\/590"}],"up":[{"embeddable":true,"href":"https:\/\/novy.vlkproject.cz\/index.php?rest_route=\/wp\/v2\/pages\/269"}],"wp:attachment":[{"href":"https:\/\/novy.vlkproject.cz\/index.php?rest_route=%2Fwp%2Fv2%2Fmedia&parent=589"}],"curies":[{"name":"wp","href":"https:\/\/api.w.org\/{rel}","templated":true}]}}