{"id":591,"date":"2024-03-13T08:39:10","date_gmt":"2024-03-13T07:39:10","guid":{"rendered":"https:\/\/novy.vlkproject.cz\/?page_id=591"},"modified":"2024-03-13T08:39:10","modified_gmt":"2024-03-13T07:39:10","slug":"nosorozec","status":"publish","type":"page","link":"https:\/\/novy.vlkproject.cz\/?page_id=591","title":{"rendered":"Nosoro\u017eec"},"content":{"rendered":"<p>Univerz\u00e1ln\u00ed rampovac\u00ed lopata s jedn\u00edm aktivn\u00edm p\u0159idr\u017eova\u010dem ur\u010den\u00e1 pro ve\u0161kerou manipulaci s kmeny a v\u00fd\u0159ezy, kdy pr\u016fm\u011bry kmene mohou dosahovat i p\u0159es 90 cm.<\/p>\n<p>&nbsp;<\/p>\n","protected":false},"excerpt":{"rendered":"<p>Univerz\u00e1ln\u00ed rampovac\u00ed lopata s jedn\u00edm aktivn\u00edm p\u0159idr\u017eova\u010dem ur\u010den\u00e1 pro ve\u0161kerou manipulaci s kmeny a v\u00fd\u0159ezy, kdy pr\u016fm\u011bry kmene mohou dosahovat i p\u0159es 90 cm. &nbsp;<\/p>\n","protected":false},"author":2,"featured_media":0,"parent":269,"menu_order":30,"comment_status":"closed","ping_status":"closed","template":"","meta":{"ngg_post_thumbnail":0,"footnotes":""},"class_list":["post-591","page","type-page","status-publish","hentry"],"_links":{"self":[{"href":"https:\/\/novy.vlkproject.cz\/index.php?rest_route=\/wp\/v2\/pages\/591","targetHints":{"allow":["GET"]}}],"collection":[{"href":"https:\/\/novy.vlkproject.cz\/index.php?rest_route=\/wp\/v2\/pages"}],"about":[{"href":"https:\/\/novy.vlkproject.cz\/index.php?rest_route=\/wp\/v2\/types\/page"}],"author":[{"embeddable":true,"href":"https:\/\/novy.vlkproject.cz\/index.php?rest_route=\/wp\/v2\/users\/2"}],"replies":[{"embeddable":true,"href":"https:\/\/novy.vlkproject.cz\/index.php?rest_route=%2Fwp%2Fv2%2Fcomments&post=591"}],"version-history":[{"count":1,"href":"https:\/\/novy.vlkproject.cz\/index.php?rest_route=\/wp\/v2\/pages\/591\/revisions"}],"predecessor-version":[{"id":592,"href":"https:\/\/novy.vlkproject.cz\/index.php?rest_route=\/wp\/v2\/pages\/591\/revisions\/592"}],"up":[{"embeddable":true,"href":"https:\/\/novy.vlkproject.cz\/index.php?rest_route=\/wp\/v2\/pages\/269"}],"wp:attachment":[{"href":"https:\/\/novy.vlkproject.cz\/index.php?rest_route=%2Fwp%2Fv2%2Fmedia&parent=591"}],"curies":[{"name":"wp","href":"https:\/\/api.w.org\/{rel}","templated":true}]}}