{"id":593,"date":"2024-03-13T08:39:59","date_gmt":"2024-03-13T07:39:59","guid":{"rendered":"https:\/\/novy.vlkproject.cz\/?page_id=593"},"modified":"2024-03-13T08:39:59","modified_gmt":"2024-03-13T07:39:59","slug":"usak","status":"publish","type":"page","link":"https:\/\/novy.vlkproject.cz\/?page_id=593","title":{"rendered":"U\u0161\u00e1k"},"content":{"rendered":"<p>Univerz\u00e1ln\u00ed rampovac\u00ed lopata se dv\u011bma aktivn\u00edmi p\u0159idr\u017eova\u010di ur\u010den\u00e1 pro manipulaci s kmeny a v\u00fd\u0159ezy. Je vhodn\u00e1 pro v\u011bt\u0161\u00ed mno\u017estv\u00ed men\u0161\u00edch kus\u016f rozd\u00edln\u00fdch pr\u016fm\u011br\u016f.<\/p>\n<p>&nbsp;<\/p>\n","protected":false},"excerpt":{"rendered":"<p>Univerz\u00e1ln\u00ed rampovac\u00ed lopata se dv\u011bma aktivn\u00edmi p\u0159idr\u017eova\u010di ur\u010den\u00e1 pro manipulaci s kmeny a v\u00fd\u0159ezy. Je vhodn\u00e1 pro v\u011bt\u0161\u00ed mno\u017estv\u00ed men\u0161\u00edch kus\u016f rozd\u00edln\u00fdch pr\u016fm\u011br\u016f. &nbsp;<\/p>\n","protected":false},"author":2,"featured_media":0,"parent":269,"menu_order":40,"comment_status":"closed","ping_status":"closed","template":"","meta":{"ngg_post_thumbnail":0,"footnotes":""},"class_list":["post-593","page","type-page","status-publish","hentry"],"_links":{"self":[{"href":"https:\/\/novy.vlkproject.cz\/index.php?rest_route=\/wp\/v2\/pages\/593","targetHints":{"allow":["GET"]}}],"collection":[{"href":"https:\/\/novy.vlkproject.cz\/index.php?rest_route=\/wp\/v2\/pages"}],"about":[{"href":"https:\/\/novy.vlkproject.cz\/index.php?rest_route=\/wp\/v2\/types\/page"}],"author":[{"embeddable":true,"href":"https:\/\/novy.vlkproject.cz\/index.php?rest_route=\/wp\/v2\/users\/2"}],"replies":[{"embeddable":true,"href":"https:\/\/novy.vlkproject.cz\/index.php?rest_route=%2Fwp%2Fv2%2Fcomments&post=593"}],"version-history":[{"count":1,"href":"https:\/\/novy.vlkproject.cz\/index.php?rest_route=\/wp\/v2\/pages\/593\/revisions"}],"predecessor-version":[{"id":594,"href":"https:\/\/novy.vlkproject.cz\/index.php?rest_route=\/wp\/v2\/pages\/593\/revisions\/594"}],"up":[{"embeddable":true,"href":"https:\/\/novy.vlkproject.cz\/index.php?rest_route=\/wp\/v2\/pages\/269"}],"wp:attachment":[{"href":"https:\/\/novy.vlkproject.cz\/index.php?rest_route=%2Fwp%2Fv2%2Fmedia&parent=593"}],"curies":[{"name":"wp","href":"https:\/\/api.w.org\/{rel}","templated":true}]}}