{"id":595,"date":"2024-03-13T08:41:13","date_gmt":"2024-03-13T07:41:13","guid":{"rendered":"https:\/\/novy.vlkproject.cz\/?page_id=595"},"modified":"2024-03-13T08:41:13","modified_gmt":"2024-03-13T07:41:13","slug":"muflon","status":"publish","type":"page","link":"https:\/\/novy.vlkproject.cz\/?page_id=595","title":{"rendered":"Muflon"},"content":{"rendered":"<p>Rampovac\u00ed lopata je ur\u010dena hlavn\u011b pro v\u00fd\u0159ezy, jej\u00ed p\u0159ednost spo\u010d\u00edv\u00e1 v nab\u00edr\u00e1n\u00ed kulatin ze zem\u011b, kdy se navaluj\u00ed pomoc\u00ed aktivn\u00edho spojen\u00e9ho p\u0159idr\u017eova\u010de ovl\u00e1dan\u00e9ho 2 hydraulick\u00fdmi v\u00e1lci.<\/p>\n<p>&nbsp;<\/p>\n","protected":false},"excerpt":{"rendered":"<p>Rampovac\u00ed lopata je ur\u010dena hlavn\u011b pro v\u00fd\u0159ezy, jej\u00ed p\u0159ednost spo\u010d\u00edv\u00e1 v nab\u00edr\u00e1n\u00ed kulatin ze zem\u011b, kdy se navaluj\u00ed pomoc\u00ed aktivn\u00edho spojen\u00e9ho p\u0159idr\u017eova\u010de ovl\u00e1dan\u00e9ho 2 hydraulick\u00fdmi v\u00e1lci. &nbsp;<\/p>\n","protected":false},"author":2,"featured_media":0,"parent":269,"menu_order":50,"comment_status":"closed","ping_status":"closed","template":"","meta":{"ngg_post_thumbnail":0,"footnotes":""},"class_list":["post-595","page","type-page","status-publish","hentry"],"_links":{"self":[{"href":"https:\/\/novy.vlkproject.cz\/index.php?rest_route=\/wp\/v2\/pages\/595","targetHints":{"allow":["GET"]}}],"collection":[{"href":"https:\/\/novy.vlkproject.cz\/index.php?rest_route=\/wp\/v2\/pages"}],"about":[{"href":"https:\/\/novy.vlkproject.cz\/index.php?rest_route=\/wp\/v2\/types\/page"}],"author":[{"embeddable":true,"href":"https:\/\/novy.vlkproject.cz\/index.php?rest_route=\/wp\/v2\/users\/2"}],"replies":[{"embeddable":true,"href":"https:\/\/novy.vlkproject.cz\/index.php?rest_route=%2Fwp%2Fv2%2Fcomments&post=595"}],"version-history":[{"count":1,"href":"https:\/\/novy.vlkproject.cz\/index.php?rest_route=\/wp\/v2\/pages\/595\/revisions"}],"predecessor-version":[{"id":596,"href":"https:\/\/novy.vlkproject.cz\/index.php?rest_route=\/wp\/v2\/pages\/595\/revisions\/596"}],"up":[{"embeddable":true,"href":"https:\/\/novy.vlkproject.cz\/index.php?rest_route=\/wp\/v2\/pages\/269"}],"wp:attachment":[{"href":"https:\/\/novy.vlkproject.cz\/index.php?rest_route=%2Fwp%2Fv2%2Fmedia&parent=595"}],"curies":[{"name":"wp","href":"https:\/\/api.w.org\/{rel}","templated":true}]}}